{"id":15073,"date":"2026-04-07T14:26:00","date_gmt":"2026-04-07T12:26:00","guid":{"rendered":"https:\/\/npkrka.hr\/?page_id=15073"},"modified":"2026-04-07T14:36:42","modified_gmt":"2026-04-07T12:36:42","slug":"povjerenik-za-primanje-i-rjesavanje-prituzbi-vezanih-uz-zastitu-dostojanstva-radnika","status":"publish","type":"page","link":"https:\/\/npkrka.hr\/en_us\/informacije\/povjerenik-za-primanje-i-rjesavanje-prituzbi-vezanih-uz-zastitu-dostojanstva-radnika\/","title":{"rendered":"Employee rights protection officer"},"content":{"rendered":"<p>Employee rights protection officers of the Public Institute of Krka National Park: Kristijan Pralija and Kristiana Jerkov.<\/p>\n<ul>\n<li class=\"translation-block\">by post: Trg Ivana Pavla II. br.5, 22000 \u0160ibenik, Croatia<\/li>\n<li><strong><u>by e-mail:<\/u><\/strong><\/li>\n<\/ul>\n<p><a href=\"mailto:Kristijan.pralija@npk.hr\">kristijan.pralija@npk.hr<\/a><\/p>\n<p><a href=\"mailto:kristiana.jerkov@npk.hr\">kristiana.jerkov@npk.hr<\/a><u><\/u><u><\/u><\/p>\n<ul>\n<li class=\"translation-block\">By telephone: +385 (0)22 201-777<\/li>\n<\/ul>","protected":false},"excerpt":{"rendered":"<p>Povjerenici za primanje i rje\u0161avanje pritu\u017ebi vezanih uz za\u0161titu dostojanstva radnika Javne ustanove Nacionalni park Krka su Kristijan Pralija i Kristiana Jerkov. pisano:\u00a0Trg Ivana Pavla II. br.5, 22000 \u0160ibenik, Hrvatska elektroni\u010dkom po\u0161tom: kristijan.pralija@npk.hr kristiana.jerkov@npk.hr usmeno: tel: +385 (0)22 201-777<\/p>","protected":false},"author":2,"featured_media":544,"parent":142,"menu_order":0,"comment_status":"closed","ping_status":"closed","template":"","meta":{"footnotes":""},"class_list":["post-15073","page","type-page","status-publish","has-post-thumbnail","hentry"],"_links":{"self":[{"href":"https:\/\/npkrka.hr\/en_us\/wp-json\/wp\/v2\/pages\/15073","targetHints":{"allow":["GET"]}}],"collection":[{"href":"https:\/\/npkrka.hr\/en_us\/wp-json\/wp\/v2\/pages"}],"about":[{"href":"https:\/\/npkrka.hr\/en_us\/wp-json\/wp\/v2\/types\/page"}],"author":[{"embeddable":true,"href":"https:\/\/npkrka.hr\/en_us\/wp-json\/wp\/v2\/users\/2"}],"replies":[{"embeddable":true,"href":"https:\/\/npkrka.hr\/en_us\/wp-json\/wp\/v2\/comments?post=15073"}],"version-history":[{"count":3,"href":"https:\/\/npkrka.hr\/en_us\/wp-json\/wp\/v2\/pages\/15073\/revisions"}],"predecessor-version":[{"id":15080,"href":"https:\/\/npkrka.hr\/en_us\/wp-json\/wp\/v2\/pages\/15073\/revisions\/15080"}],"up":[{"embeddable":true,"href":"https:\/\/npkrka.hr\/en_us\/wp-json\/wp\/v2\/pages\/142"}],"wp:featuredmedia":[{"embeddable":true,"href":"https:\/\/npkrka.hr\/en_us\/wp-json\/wp\/v2\/media\/544"}],"wp:attachment":[{"href":"https:\/\/npkrka.hr\/en_us\/wp-json\/wp\/v2\/media?parent=15073"}],"curies":[{"name":"wp","href":"https:\/\/api.w.org\/{rel}","templated":true}]}}