{"id":14796,"date":"2026-03-16T14:05:17","date_gmt":"2026-03-16T13:05:17","guid":{"rendered":"https:\/\/npkrka.hr\/?page_id=14796"},"modified":"2026-04-20T09:29:32","modified_gmt":"2026-04-20T07:29:32","slug":"krecite-se-odrzivo-dozivite-nacionalni-park-krka-pjesice-ili-na-biciklu","status":"publish","type":"page","link":"https:\/\/npkrka.hr\/en_us\/o-nama\/odrziva-destinacija\/krecite-se-odrzivo-dozivite-nacionalni-park-krka-pjesice-ili-na-biciklu\/","title":{"rendered":"Move sustainably: experience the Krka National Park on foot or by bike"},"content":{"rendered":"<p><strong>Posjet prirodi pru\u017ea nam priliku da usporimo, udahnemo svje\u017e zrak i pove\u017eemo se s okoli\u0161em koji nas okru\u017euje.<\/strong><\/p>\n<p>&nbsp;<\/p>\n<p>One of the easiest ways to reduce our carbon footprint is to choose to walk or cycle instead of driving. Such a choice not only contributes to the preservation of nature, but also to our health and the quality of our experience of the area in question.<\/p>\n<p class=\"translation-block\">In the Krka National Park, visitors have numerous opportunities for sustainable movement. The park has as many as 47 km of hiking trails and 388 km of cycling routes, which pass through diverse landscapes, from river canyons and waterfalls to traditional villages and viewpoints. These routes allow visitors to experience nature at a slower pace and with minimal impact on the environment. Detailed information about the hiking trails is available on the Krka Hike website, and about cycling routes on Krka Bike.<\/p>\n<p><strong>Walking \u2013 the most natural way to explore<\/strong><\/p>\n<p>Walking is the simplest and most environmentally friendly way to get around: it does not produce greenhouse gas emissions, does not create noise, and does not burden the environment, while at the same time it has numerous health benefits: it strengthens the heart and muscles, improves fitness, and helps reduce stress.<\/p>\n<p>When used as a substitute for driving, walking directly contributes to reducing carbon dioxide emissions. In natural areas such as the Krka National Park, it also allows for a fuller experience of the area \u2013 more time to observe the landscape, plants and wildlife.<\/p>\n<p><strong>Cycling \u2013 sustainable mobility in nature<\/strong><\/p>\n<p>Cycling is one of the best ways to explore the Park, with little impact on the environment: cycling does not create direct CO\u2082 emissions, takes up little space, and allows for faster movement than walking, while providing equally close contact with nature.<\/p>\n<p>Electric bicycles are also available to visitors in the Park, which consume very little energy compared to cars or other motor vehicles. Electric bicycles:<\/p>\n<ul>\n<li>significantly reduce carbon dioxide emissions compared to an auto<\/li>\n<li>consume much less energy than electric cars<\/li>\n<li>contribute to reducing traffic jams and noise<\/li>\n<li>do not directly pollute the air.<\/li>\n<\/ul>\n<p>Electric bicycles can be rented in the Krka National Park at the Krka Eco Campus in Puljane, so visitors can explore cycling routes without the need for their own equipment.<\/p>\n<p>A sustainable visit starts before you arrive at the Park: consider using public transport, carpooling, or arriving by electric vehicle. During your stay, you can further reduce your environmental impact by using reusable water bottles, reducing your use of plastic items, and choosing activities that respect the state of nature.<\/p>\n<p>By choosing to walk or ride a bicycle or an electric bicycle, you not only reduce your own carbon footprint, but also can experience Krka National Park in a way that is closer to nature.<\/p>\n<p><strong>\u00a0<\/strong><\/p>","protected":false},"excerpt":{"rendered":"<p>A visit to nature gives us the opportunity to slow down, breathe in the fresh air, and connect with the environment around us<\/p>","protected":false},"author":3,"featured_media":8605,"parent":10484,"menu_order":6,"comment_status":"closed","ping_status":"closed","template":"","meta":{"footnotes":""},"class_list":["post-14796","page","type-page","status-publish","has-post-thumbnail","hentry"],"_links":{"self":[{"href":"https:\/\/npkrka.hr\/en_us\/wp-json\/wp\/v2\/pages\/14796","targetHints":{"allow":["GET"]}}],"collection":[{"href":"https:\/\/npkrka.hr\/en_us\/wp-json\/wp\/v2\/pages"}],"about":[{"href":"https:\/\/npkrka.hr\/en_us\/wp-json\/wp\/v2\/types\/page"}],"author":[{"embeddable":true,"href":"https:\/\/npkrka.hr\/en_us\/wp-json\/wp\/v2\/users\/3"}],"replies":[{"embeddable":true,"href":"https:\/\/npkrka.hr\/en_us\/wp-json\/wp\/v2\/comments?post=14796"}],"version-history":[{"count":2,"href":"https:\/\/npkrka.hr\/en_us\/wp-json\/wp\/v2\/pages\/14796\/revisions"}],"predecessor-version":[{"id":14984,"href":"https:\/\/npkrka.hr\/en_us\/wp-json\/wp\/v2\/pages\/14796\/revisions\/14984"}],"up":[{"embeddable":true,"href":"https:\/\/npkrka.hr\/en_us\/wp-json\/wp\/v2\/pages\/10484"}],"wp:featuredmedia":[{"embeddable":true,"href":"https:\/\/npkrka.hr\/en_us\/wp-json\/wp\/v2\/media\/8605"}],"wp:attachment":[{"href":"https:\/\/npkrka.hr\/en_us\/wp-json\/wp\/v2\/media?parent=14796"}],"curies":[{"name":"wp","href":"https:\/\/api.w.org\/{rel}","templated":true}]}}