{"id":14785,"date":"2026-03-10T09:32:03","date_gmt":"2026-03-10T08:32:03","guid":{"rendered":"https:\/\/npkrka.hr\/?page_id=14785"},"modified":"2026-04-20T09:32:05","modified_gmt":"2026-04-20T07:32:05","slug":"ekoloski-otisak-trag-koji-ostavljamo-na-planetu","status":"publish","type":"page","link":"https:\/\/npkrka.hr\/en_us\/o-nama\/odrzivo-upravljanje\/ekoloski-otisak-trag-koji-ostavljamo-na-planetu\/","title":{"rendered":"The ecological footprint \u2013 the trace we leave on the planet"},"content":{"rendered":"<p><strong>Ekolo\u0161ki otisak (eng. <em>ecological footprint<\/em>) pokazuje koliki pritisak na\u0161 na\u010din \u017eivota vr\u0161i na prirodu.<\/strong><\/p>\n<p><strong><br \/>\n<\/strong>It is defined as the use of Earth's capital and provides a measure of nature's supply and demand. In other words, the ecological footprint tells us how much natural resources we consume compared to how much the Earth can renew.<\/p>\n<p class=\"translation-block\">This measure is most often expressed in so-called global hectares or through the figurative question: How many planets would it take if everyone lived like us? Today, humanity consumes natural resources about 1.7 times faster than the Earth can renew them, which means that we live as if we had almost two planets. That is why every year there is a so-called Earth overshoot day \u2013 the date by which we have already used up all the resources that the planet can renew in that year.<\/p>\n<p><strong>How to calculate your own ecological footprint?<\/strong><\/p>\n<p class=\"translation-block\">Today, there are a number of simple online tools that can help us assess our environmental impact. They typically ask questions about our diet, transportation, energy consumption, shopping habits, and housing.<\/p>\n<p>For example, we can try:<\/p>\n<ul>\n<li class=\"translation-block\"><a href=\"https:\/\/www.footprintcalculator.org\/home\/en\" target=\"_self\" role=\"link\"><strong>Global Footprint Network Footprint Calculator<\/strong><\/a>, one of the most well known international calculators<\/li>\n<li class=\"translation-block\"><a href=\"https:\/\/footprint.wwf.org.uk\/\" target=\"_self\" role=\"link\"><strong>WWF Footprint Calculator<\/strong><\/a>, a simple and educational tool that provides advice on how to reduce your impact<\/li>\n<li class=\"translation-block\"><a href=\"https:\/\/ceicg.me\/kalkulator-ugljenicnog-otiska\/\" target=\"_self\" role=\"link\"><strong>Kalkulator uglji\u010dnog otiska<\/strong><\/a> (<em>carbon footprint calculator<\/em>), which estimates emissions related to energy, travel, and consumption.<\/li>\n<\/ul>\n<p>The result will show where our impact is greatest: in nutrition, transportation, energy, or product consumption.<\/p>\n<p><strong>What can each of us do?<\/strong><\/p>\n<p>The good news is that even small changes can have a big impact. Here are a few simple steps:<\/p>\n<ul>\n<li>Choose local and seasonal food and reduce discarded food waste<\/li>\n<li>Use sustainable forms of transportation \u2013 walking, cycling, and public transport or carpooling<\/li>\n<li>Reduce energy consumption in the home \u2013 use energy-saving devices, LED lighting, and renewable energy sources wherever possible<\/li>\n<li>Shop wisely \u2013 choose high quality products that last longer and have less packaging<\/li>\n<li>Respect nature when visiting protected areas \u2013 follow marked trails, leave no waste, and support local sustainable products.<\/li>\n<\/ul>\n<p><strong>Why is this important?<\/strong><\/p>\n<p>The ecological footprint helps us understand that natural resources are limited and that every individual, visitor, or business entity, can contribute to their conservation. By changing our daily habits, we not only protect nature, but also ensure that features such as those on display at the Krka National Park remain preserved and are available to future generations.<\/p>\n<p>&nbsp;<\/p>\n<p><strong>\u00a0<\/strong><\/p>","protected":false},"excerpt":{"rendered":"<p class=\"translation-block\">The ecological footprint shows how much pressure our way of life exerts on nature<\/p>","protected":false},"author":3,"featured_media":1626,"parent":10484,"menu_order":8,"comment_status":"closed","ping_status":"closed","template":"","meta":{"footnotes":""},"class_list":["post-14785","page","type-page","status-publish","has-post-thumbnail","hentry"],"_links":{"self":[{"href":"https:\/\/npkrka.hr\/en_us\/wp-json\/wp\/v2\/pages\/14785","targetHints":{"allow":["GET"]}}],"collection":[{"href":"https:\/\/npkrka.hr\/en_us\/wp-json\/wp\/v2\/pages"}],"about":[{"href":"https:\/\/npkrka.hr\/en_us\/wp-json\/wp\/v2\/types\/page"}],"author":[{"embeddable":true,"href":"https:\/\/npkrka.hr\/en_us\/wp-json\/wp\/v2\/users\/3"}],"replies":[{"embeddable":true,"href":"https:\/\/npkrka.hr\/en_us\/wp-json\/wp\/v2\/comments?post=14785"}],"version-history":[{"count":3,"href":"https:\/\/npkrka.hr\/en_us\/wp-json\/wp\/v2\/pages\/14785\/revisions"}],"predecessor-version":[{"id":14982,"href":"https:\/\/npkrka.hr\/en_us\/wp-json\/wp\/v2\/pages\/14785\/revisions\/14982"}],"up":[{"embeddable":true,"href":"https:\/\/npkrka.hr\/en_us\/wp-json\/wp\/v2\/pages\/10484"}],"wp:featuredmedia":[{"embeddable":true,"href":"https:\/\/npkrka.hr\/en_us\/wp-json\/wp\/v2\/media\/1626"}],"wp:attachment":[{"href":"https:\/\/npkrka.hr\/en_us\/wp-json\/wp\/v2\/media?parent=14785"}],"curies":[{"name":"wp","href":"https:\/\/api.w.org\/{rel}","templated":true}]}}