{"id":14710,"date":"2026-03-02T09:29:16","date_gmt":"2026-03-02T08:29:16","guid":{"rendered":"https:\/\/npkrka.hr\/?page_id=14710"},"modified":"2026-03-02T12:20:35","modified_gmt":"2026-03-02T11:20:35","slug":"sedra-viva","status":"publish","type":"page","link":"https:\/\/npkrka.hr\/en_us\/prirodna-bastina\/projekti\/projects\/sedra-viva\/","title":{"rendered":"Sedra Viva"},"content":{"rendered":"<p><strong>Name of the project: Restoration and conservation of the target habitat type 32A0 \u2013 Tufa barriers of the karst rivers of the Dinarides in thhe area of Krka NP \u2013 Sedra Viva<\/strong><\/p>\n<p><strong>PK.3.7.05.0017<\/strong><\/p>\n<p><strong>\u00a0<\/strong><\/p>\n<p><strong>Ukupna vrijednost projekta:\u00a0<\/strong>1.988.109,29 EUR<\/p>\n<p><strong>EU co-financing:\u00a0<\/strong>85 %<\/p>\n<p><strong>Prijavitelj \/ korisnik:\u00a0<\/strong>Javna ustanova Nacionalni park Krka<\/p>\n<p><strong>Project partners:\u00a0<\/strong>Institut za vode Josip Juraj Strossmayer iz Zagreba<\/p>\n<p><strong>Sa\u017eetak projekta:\u00a0<\/strong>Cilj projekta \u201eObnova i o\u010duvanje ciljnog stani\u0161nog tipa 3210 \u2013 Sedrene barijere kr\u0161kih rijeka Dinarida na podru\u010dju NP NP Krka \u2013 Sedra Viva\u201c je obnoviti i o\u010duvati ciljni stani\u0161ni tip 32A0 \u2013 Sedrene barijere kr\u0161kih rijeka Dinarida na podru\u010dju NP Krka omogu\u0107avanjem nesmetanog procesa sedrenja i uspostavom pra\u0107enja u\u010dinkovitosti upravljanja. Navedeno se posti\u017ee provedbom aktivnosti obnove i o\u010duvanja sedrenih barijera i to restauracijom barijera uklanjanjem sukcesijske vegetacije te uspostavom pra\u0107enja u\u010dinkovitosti o\u010duvanja, obnove i upravljanja stani\u0161nim tipom. Predlo\u017eene aktivnosti temelje se na rezultatima niza znanstvenih istra\u017eivanja provedenih na projektnom podru\u010dju u posljednjih pet godina.<\/p>\n<p><strong>Activities of the project:<\/strong><\/p>\n<ul>\n<li>Establishing a basis for monitoring and tracking the effectiveness of conservation, restoration, and management of habitat type 32A0<\/li>\n<li>Restoration of habitat type 32A0 \u2013 Tufa barriers<\/li>\n<li>Management of the project<\/li>\n<li>Promotion and visibility<\/li>\n<\/ul>\n<p>The project is aligned with the Specific Objective under the Competitiveness and Cohesion Programme 2021-2027 \"Strengthening the protection and preservation of nature, biodiversity, and green infrastructure, including in urban areas, and reducing all forms of pollution\", as well as with Objective 1 of the Strategy and Action Plan for Nature Protection of the Republic of Croatia.<\/p>","protected":false},"excerpt":{"rendered":"<p>Naziv projekta: Obnova i o\u010duvanje ciljnog stani\u0161nog tipa 32A0 \u2013 Sedrene barijere kr\u0161kih rijeka Dinarida na podru\u010dju NP NP Krka \u2013 Sedra Viva PK.3.7.05.0017 \u00a0 Ukupna vrijednost projekta:\u00a01.988.109,29 EUR EU sufinanciranje:\u00a085 % Prijavitelj \/ korisnik:\u00a0Javna ustanova Nacionalni park Krka Partneri:\u00a0Institut za vode Josip Juraj Strossmayer iz Zagreba Sa\u017eetak projekta:\u00a0Cilj projekta \u201eObnova i o\u010duvanje ciljnog stani\u0161nog [&hellip;]<\/p>\n","protected":false},"author":3,"featured_media":14684,"parent":9356,"menu_order":1,"comment_status":"closed","ping_status":"closed","template":"page-5.php","meta":{"footnotes":""},"class_list":["post-14710","page","type-page","status-publish","has-post-thumbnail","hentry"],"_links":{"self":[{"href":"https:\/\/npkrka.hr\/en_us\/wp-json\/wp\/v2\/pages\/14710","targetHints":{"allow":["GET"]}}],"collection":[{"href":"https:\/\/npkrka.hr\/en_us\/wp-json\/wp\/v2\/pages"}],"about":[{"href":"https:\/\/npkrka.hr\/en_us\/wp-json\/wp\/v2\/types\/page"}],"author":[{"embeddable":true,"href":"https:\/\/npkrka.hr\/en_us\/wp-json\/wp\/v2\/users\/3"}],"replies":[{"embeddable":true,"href":"https:\/\/npkrka.hr\/en_us\/wp-json\/wp\/v2\/comments?post=14710"}],"version-history":[{"count":1,"href":"https:\/\/npkrka.hr\/en_us\/wp-json\/wp\/v2\/pages\/14710\/revisions"}],"predecessor-version":[{"id":14711,"href":"https:\/\/npkrka.hr\/en_us\/wp-json\/wp\/v2\/pages\/14710\/revisions\/14711"}],"up":[{"embeddable":true,"href":"https:\/\/npkrka.hr\/en_us\/wp-json\/wp\/v2\/pages\/9356"}],"wp:featuredmedia":[{"embeddable":true,"href":"https:\/\/npkrka.hr\/en_us\/wp-json\/wp\/v2\/media\/14684"}],"wp:attachment":[{"href":"https:\/\/npkrka.hr\/en_us\/wp-json\/wp\/v2\/media?parent=14710"}],"curies":[{"name":"wp","href":"https:\/\/api.w.org\/{rel}","templated":true}]}}