{"id":1470,"date":"2022-07-15T10:29:26","date_gmt":"2022-07-15T08:29:26","guid":{"rendered":"https:\/\/www.npkrka.hr\/?page_id=1470"},"modified":"2022-09-27T08:27:47","modified_gmt":"2022-09-27T06:27:47","slug":"staza-rogovo","status":"publish","type":"page","link":"https:\/\/npkrka.hr\/en_us\/posjeti\/krka-hike\/staza-rogovo\/","title":{"rendered":"Rogovo trail"},"content":{"rendered":"<div class=\"elementor-element elementor-element-2371c5cb elementor-widget elementor-widget-text-editor\" data-id=\"2371c5cb\" data-element_type=\"widget\" data-widget_type=\"text-editor.default\">\n<div class=\"elementor-widget-container\">\n<ul>\n<li>On the road Rupe \u2013 La\u0161kovica follow the signposts for the Rogovo viewpoint<\/li>\n<li>This trail is partly paved and partly earthen, and there are expansions along the road for parking<\/li>\n<li>At the sign prohibiting further vehicle traffic, the trail continues as a flat, gravel walking trail<\/li>\n<li>The viewpoint is reached over a narrow and steep earthen passage<\/li>\n<li>Return along the same trail<\/li>\n<\/ul>\n<\/div>\n<\/div>\n<div class=\"fotorama rounded-lg  shadow lblue-bg mt-5\" data-width=\"100%\" data-ratio=\"16\/10\"  data-nav=\"thumbs\" data-autoplay=\"true\" data-arrows=\"true\" data-transition=\"crossfade\"><img decoding=\"async\" src=\"https:\/\/npkrka.hr\/wp-content\/uploads\/rsz_9_staza_rogovo_4_naslovna.jpg\" width=\"100%\" \/><img decoding=\"async\" src=\"https:\/\/npkrka.hr\/wp-content\/uploads\/rsz_9_staza_rogovo_2.jpg\" width=\"100%\" \/><img decoding=\"async\" src=\"https:\/\/npkrka.hr\/wp-content\/uploads\/rsz_9_staza_rogovo_1.jpg\" width=\"100%\" \/><img decoding=\"async\" src=\"https:\/\/npkrka.hr\/wp-content\/uploads\/rsz_9_staza_rogovo_5.jpg\" width=\"100%\" \/><img decoding=\"async\" src=\"https:\/\/npkrka.hr\/wp-content\/uploads\/rsz_9_staza_rogovo_3.jpg\" width=\"100%\" \/><\/div><p>&nbsp;<\/p>\n<section class=\"elementor-section elementor-top-section elementor-element elementor-element-599652fe elementor-section-boxed elementor-section-height-default elementor-section-height-default\" data-id=\"599652fe\" data-element_type=\"section\" data-settings=\"{\"background_background\":\"classic\"}\">\n<div class=\"elementor-container elementor-column-gap-no\">\n<div class=\"elementor-column elementor-col-100 elementor-top-column elementor-element elementor-element-7912fab6\" data-id=\"7912fab6\" data-element_type=\"column\">\n<div class=\"elementor-widget-wrap elementor-element-populated\">\n<div class=\"elementor-element elementor-element-504779e4 elementor-widget elementor-widget-text-editor\" data-id=\"504779e4\" data-element_type=\"widget\" data-widget_type=\"text-editor.default\">\n<div class=\"elementor-widget-container\"><strong>A view from the tip of the Rogovo horn over the emerald and blue waters of the strait<\/strong><\/div>\n<\/div>\n<div class=\"elementor-element elementor-element-6c890236 elementor-widget elementor-widget-text-editor\" data-id=\"6c890236\" data-element_type=\"widget\" data-widget_type=\"text-editor.default\">\n<div class=\"elementor-widget-container\">\n<p>As in life, so on the Krka River, the view of the same scene from different perspectives brings a completely different experience. Krka National Park abounds in such views. In travelling along the left or right bank, vistas of the Krka open up, and are always new and interesting, precisely because of this shift in perspective \u2013 as you stand by one feature, viewing another across the canyon. It is not wise to argue that your sea is the most beautiful if you haven\u2019t seen any others, though it can certainly be said that the Me\u0111u Gredama canyon is among the loveliest sights in the national park. This canyon, cut into the grey cliffs and expanding gently into the vast lake where Visovac Island rests, is perhaps best viewed at the end of the Rogovo trail. Though there are no longer any visible traces, once long ago the Early Croatian fortress Rogovo (also called Rog and Babin grad) stood here in the area between the village of Rupe and the upper part of Lake Visovac, on the right bank of the river, just opposite the \u0160uplja Stina cave and the Kami\u010dak fortress. Ro\u0161ki slap waterfall was also named after this fortress.<\/p>\n<p>A walking trail leads through a gentle wood to the viewing point, and is ideal for a light afternoon walk to spend some of your lunch calories. After a narrow and steep earthen passage, you will reach the tip of the \u201chorn\u201d, from which the vista expands over the emerald and blue waters of the strait, over which the powerful eagles once soared above the fortress owned by the noble \u0160ubi\u0107 Bribirski family. And while the Krka on the one side is compressed between these tall cliffs, on the other, it opens and expands into the tranquil waters of Visovac Lake, where the Franciscan monks have been living in peace and prayer in the shade of the poplar trees on Visovac Island for eight centuries.<\/p>\n<p>In spring and summer, you can explore these waters from waterfall to waterfall in the Krka National Park boats. They are protected by St. Nicholas, patron saint of seafarers, to whom the votive chapel on the left bank of the Me\u0111u Gredama canyon has been consecrated. A little further down on the same bank of the Krka River, in the middle of the canyon, is a small fault in the rock that turns every sound into a triple echo, a delightful play of nature. Because of its exceptional geomorphological structure, the Me\u0111u Gredama strait was chosen as the site for the films about the most popular Indian chief, Winnetou. All these can be seen and imagined by the observer standing at the tip of the horn of Rogovo.<\/p>\n<\/div>\n<\/div>\n<\/div>\n<\/div>\n<\/div>\n<\/section>","protected":false},"excerpt":{"rendered":"<p>A view from the tip of the Rogovo horn over the emerald and blue waters of the strait<\/p>","protected":false},"author":1,"featured_media":1474,"parent":1355,"menu_order":9,"comment_status":"closed","ping_status":"closed","template":"page-bike.php","meta":{"footnotes":""},"class_list":["post-1470","page","type-page","status-publish","has-post-thumbnail","hentry"],"_links":{"self":[{"href":"https:\/\/npkrka.hr\/en_us\/wp-json\/wp\/v2\/pages\/1470","targetHints":{"allow":["GET"]}}],"collection":[{"href":"https:\/\/npkrka.hr\/en_us\/wp-json\/wp\/v2\/pages"}],"about":[{"href":"https:\/\/npkrka.hr\/en_us\/wp-json\/wp\/v2\/types\/page"}],"author":[{"embeddable":true,"href":"https:\/\/npkrka.hr\/en_us\/wp-json\/wp\/v2\/users\/1"}],"replies":[{"embeddable":true,"href":"https:\/\/npkrka.hr\/en_us\/wp-json\/wp\/v2\/comments?post=1470"}],"version-history":[{"count":0,"href":"https:\/\/npkrka.hr\/en_us\/wp-json\/wp\/v2\/pages\/1470\/revisions"}],"up":[{"embeddable":true,"href":"https:\/\/npkrka.hr\/en_us\/wp-json\/wp\/v2\/pages\/1355"}],"wp:featuredmedia":[{"embeddable":true,"href":"https:\/\/npkrka.hr\/en_us\/wp-json\/wp\/v2\/media\/1474"}],"wp:attachment":[{"href":"https:\/\/npkrka.hr\/en_us\/wp-json\/wp\/v2\/media?parent=1470"}],"curies":[{"name":"wp","href":"https:\/\/api.w.org\/{rel}","templated":true}]}}