{"id":14432,"date":"2026-01-27T11:56:10","date_gmt":"2026-01-27T10:56:10","guid":{"rendered":"https:\/\/npkrka.hr\/?page_id=14432"},"modified":"2026-02-11T14:36:44","modified_gmt":"2026-02-11T13:36:44","slug":"junior-ranger-program","status":"publish","type":"page","link":"https:\/\/npkrka.hr\/en_us\/o-nama\/junior-ranger-program\/","title":{"rendered":"Junior Ranger program"},"content":{"rendered":"<p><img fetchpriority=\"high\" decoding=\"async\" class=\"alignnone wp-image-14556\" src=\"https:\/\/npkrka.hr\/wp-content\/uploads\/LOGO-Junior-Ranger-HR-300x300.png\" alt=\"\" width=\"224\" height=\"224\" srcset=\"https:\/\/npkrka.hr\/wp-content\/uploads\/LOGO-Junior-Ranger-HR-300x300.png 300w, https:\/\/npkrka.hr\/wp-content\/uploads\/LOGO-Junior-Ranger-HR-1024x1024.png 1024w, https:\/\/npkrka.hr\/wp-content\/uploads\/LOGO-Junior-Ranger-HR-150x150.png 150w, https:\/\/npkrka.hr\/wp-content\/uploads\/LOGO-Junior-Ranger-HR-768x768.png 768w, https:\/\/npkrka.hr\/wp-content\/uploads\/LOGO-Junior-Ranger-HR-1536x1536.png 1536w, https:\/\/npkrka.hr\/wp-content\/uploads\/LOGO-Junior-Ranger-HR-2048x2048.png 2048w, https:\/\/npkrka.hr\/wp-content\/uploads\/LOGO-Junior-Ranger-HR-12x12.png 12w\" sizes=\"(max-width: 224px) 100vw, 224px\" \/><\/p>\n<p>&nbsp;<\/p>\n<p>On the European Parks Day, 24 May 2025, the first Croatian Junior Ranger group of young nature conservationists began work in the Krka National Park based on an agreement on cooperation between the Junior Ranger and Youth+ programs signed between the Krka National Park and the Europarc Federation, the largest European network of protected areas.<\/p>\n<p>The Junior Ranger group of the Krka National Park consists of about twenty young nature guards, who regularly meet in the Park to learn about its natural and cultural-historical features. The workshop program is designed specifically for them to advance in knowledge and wisdom, acquire skills for navigating in nature, and learn about diverse ecosystems, and thus develop awareness of the need for nature protection and environmental conservation.<\/p>\n<p>Founded in 1973, the Europarc Federation organization strongly supports the involvement of young people in nature protection. It does this through two initiatives: the Junior Ranger program, for children from twelve to eighteen years old, and the Youth+ program, for young people from eighteen to thirty years old.\u00a0<em>Junior Ranger<\/em>\u00a0program, za djecu od dvanaest do osamnaest godina, i\u00a0<em>Youth+<\/em>\u00a0program, za mlade od osamnaest do trideset godina.<\/p>\n<p>Activities within the Junior Ranger and Youth+ programs are promoted through the EUROPARC network of protected areas. Direct cooperation between Junior Rangers and and guardians of nature in the protected areas is encouraged to transfer knowledge and skills to younger generations, as well as to encourage international cooperation and networking between mentors and young rangers from varied countries.<\/p>\n<p>Through the Cooperation Agreement, the partners commit to facilitating international cooperation among children and young people, nature guardians and mentors. Together, the partners promote the implementation of the Youth Manifesto, supporting the stronger involvement of young people in the active overseeing of protected area and encouraging them to explore, learn, and preserve protected areas, especially those located in their nearby vicinity.<\/p>\n<p class=\"translation-block\">In accordance with EUROPARC standards, the Croatian Junior Ranger logo was created and the Republic of Croatia is now officially part of the <a href=\"https:\/\/www.google.com\/maps\/d\/u\/0\/viewer?mid=1buJ7bAXBVN6Cl3bcWjR6YZaox4xIRKue&amp;femb=1&amp;ll=47.90298735949277624.253555414654443&amp;z=4\" target=\"_self\" role=\"link\">EUROPARC community of young nature rangers<\/a>.<\/p>\n<p class=\"translation-block\">The Junior Ranger group of the Krka National Park was formed as one of the activities of the project \"<a href=\"https:\/\/npkrka.hr\/en_us\/o-nama\/projekti\/erasmus\/\" target=\"_self\" role=\"link\">Raising environmental awareness among young people from protected areas<\/a>\".<\/p>\n<p>&nbsp;<\/p>\n<p><a href=\"https:\/\/npkrka.hr\/wp-content\/uploads\/EUROPARC-Protected-Areas-In-Sight-2025.pdf\">EUROPARC Protected Areas In-Sight 2025 <\/a>(pages 30 - 31)<\/p>","protected":false},"excerpt":{"rendered":"<p>&nbsp; Na Europski dan parkova, 24. svibnja 2025. u Nacionalnom parku Krka po\u010dela je s radom prva hrvatska Junior Ranger grupa mladih \u010duvara prirode na temelju sporazuma o suradnji u Junior Ranger i Youth+ programima potpisanog izme\u0111u Javne ustanove Nacionalni park Krka i Europarc Federation, najve\u0107e europske mre\u017ee za\u0161ti\u0107enih podru\u010dja. Junior Ranger grupu Nacionalnog parka [&hellip;]<\/p>\n","protected":false},"author":2,"featured_media":14435,"parent":23,"menu_order":11,"comment_status":"closed","ping_status":"closed","template":"page-5.php","meta":{"footnotes":""},"class_list":["post-14432","page","type-page","status-publish","has-post-thumbnail","hentry"],"_links":{"self":[{"href":"https:\/\/npkrka.hr\/en_us\/wp-json\/wp\/v2\/pages\/14432","targetHints":{"allow":["GET"]}}],"collection":[{"href":"https:\/\/npkrka.hr\/en_us\/wp-json\/wp\/v2\/pages"}],"about":[{"href":"https:\/\/npkrka.hr\/en_us\/wp-json\/wp\/v2\/types\/page"}],"author":[{"embeddable":true,"href":"https:\/\/npkrka.hr\/en_us\/wp-json\/wp\/v2\/users\/2"}],"replies":[{"embeddable":true,"href":"https:\/\/npkrka.hr\/en_us\/wp-json\/wp\/v2\/comments?post=14432"}],"version-history":[{"count":6,"href":"https:\/\/npkrka.hr\/en_us\/wp-json\/wp\/v2\/pages\/14432\/revisions"}],"predecessor-version":[{"id":14636,"href":"https:\/\/npkrka.hr\/en_us\/wp-json\/wp\/v2\/pages\/14432\/revisions\/14636"}],"up":[{"embeddable":true,"href":"https:\/\/npkrka.hr\/en_us\/wp-json\/wp\/v2\/pages\/23"}],"wp:featuredmedia":[{"embeddable":true,"href":"https:\/\/npkrka.hr\/en_us\/wp-json\/wp\/v2\/media\/14435"}],"wp:attachment":[{"href":"https:\/\/npkrka.hr\/en_us\/wp-json\/wp\/v2\/media?parent=14432"}],"curies":[{"name":"wp","href":"https:\/\/api.w.org\/{rel}","templated":true}]}}