{"id":1408,"date":"2022-07-15T09:56:28","date_gmt":"2022-07-15T07:56:28","guid":{"rendered":"https:\/\/www.npkrka.hr\/?page_id=1408"},"modified":"2022-10-12T07:26:03","modified_gmt":"2022-10-12T05:26:03","slug":"pjesacka-staza-stinice-roski-slap-ozidana-pecina","status":"publish","type":"page","link":"https:\/\/npkrka.hr\/en_us\/posjeti\/krka-hike\/pjesacka-staza-stinice-roski-slap-ozidana-pecina\/","title":{"rendered":"Stinice \u2013 Ro\u0161ki slap \u2013 Ozi\u0111ana pe\u0107ina cave walking trail"},"content":{"rendered":"<div class=\"elementor-element elementor-element-7a7f69d1 elementor-widget elementor-widget-text-editor\" data-id=\"7a7f69d1\" data-element_type=\"widget\" data-widget_type=\"text-editor.default\">\n<div class=\"elementor-widget-container\">\n<ul>\n<li>There are four possible ways to enter\/leave this trail: at Stinice, Bri\u0161tane Gornje, Ro\u0161ki slap, Ozi\u0111ana pe\u0107ina cave (Bogati\u0107i Miljeva\u010dki)<\/li>\n<li>All entrances\/exits are on the left bank of the Krka River, between the trail towards Visovac and Ro\u0161ki slap; though Ro\u0161ki slap can also be reached on the right bank<\/li>\n<li>This is a more advance trail including earthen and gravel sections, wooden bridges and stairs, and many inclines and descents, including the highly strenuous ascent up the 517 stairs to Ozi\u0111ana pe\u0107ina cave<\/li>\n<li>Plan your return to the starting point, as this is not a circular trail<\/li>\n<li>From June to September\u00a0<a role=\"link\" href=\"https:\/\/npkrka.hr\/en_us\/en_US\/posjeti\/ulazi-u-park\/ulaz-roski-slap-laskovica\/\">bus transportation<\/a>\u00a0La\u0161kovica \u2013 Ro\u0161ki slap \u2013 Bogati\u0107i Miljeva\u010dki \u2013 Stinice is available<\/li>\n<\/ul>\n<div class=\"fotorama rounded-lg  shadow lblue-bg mt-5\" data-width=\"100%\" data-ratio=\"16\/10\"  data-nav=\"thumbs\" data-autoplay=\"true\" data-arrows=\"true\" data-transition=\"crossfade\"><img decoding=\"async\" src=\"https:\/\/npkrka.hr\/wp-content\/uploads\/rsz_10_staza_stinice_\u2013_roski_slap_\u2013_ozidana_pecina_6.jpg\" width=\"100%\" \/><img decoding=\"async\" src=\"https:\/\/npkrka.hr\/wp-content\/uploads\/rsz_10_staza_stinice_\u2013_roski_slap_\u2013_ozidana_pecina_3.jpg\" width=\"100%\" \/><img decoding=\"async\" src=\"https:\/\/npkrka.hr\/wp-content\/uploads\/rsz_10_staza_stinice_\u2013_roski_slap_\u2013_ozidana_pecina_10_naslovna.jpg\" width=\"100%\" \/><img decoding=\"async\" src=\"https:\/\/npkrka.hr\/wp-content\/uploads\/rsz_110_staza_stinice_\u2013_roski_slap_\u2013_ozidana_pecina_4.jpg\" width=\"100%\" \/><img decoding=\"async\" src=\"https:\/\/npkrka.hr\/wp-content\/uploads\/rsz_10_staza_stinice_\u2013_roski_slap_\u2013_ozidana_pecina_12.jpg\" width=\"100%\" \/><img decoding=\"async\" src=\"https:\/\/npkrka.hr\/wp-content\/uploads\/rsz_10_staza_stinice_\u2013_roski_slap_\u2013_ozidana_pecina_8.jpg\" width=\"100%\" \/><img decoding=\"async\" src=\"https:\/\/npkrka.hr\/wp-content\/uploads\/rsz_10_staza_stinice_\u2013_roski_slap_\u2013_ozidana_pecina_9.jpg\" width=\"100%\" \/><img decoding=\"async\" src=\"https:\/\/npkrka.hr\/wp-content\/uploads\/rsz_10_staza_stinice_\u2013_roski_slap_\u2013_ozidana_pecina_7.jpg\" width=\"100%\" \/><img decoding=\"async\" src=\"https:\/\/npkrka.hr\/wp-content\/uploads\/rsz_10_staza_stinice_\u2013_roski_slap_\u2013_ozidana_pecina_2.jpg\" width=\"100%\" \/><img decoding=\"async\" src=\"https:\/\/npkrka.hr\/wp-content\/uploads\/rsz_10_staza_stinice_\u2013_roski_slap_\u2013_ozidana_pecina_11.jpg\" width=\"100%\" \/><img decoding=\"async\" src=\"https:\/\/npkrka.hr\/wp-content\/uploads\/rsz_10_staza_stinice_\u2013_roski_slap_\u2013_ozidana_pecina_1.jpg\" width=\"100%\" \/><img decoding=\"async\" src=\"https:\/\/npkrka.hr\/wp-content\/uploads\/rsz_10_staza_stinice_\u2013_roski_slap_\u2013_ozidana_pecina_5.jpg\" width=\"100%\" \/><\/div><p>&nbsp;<\/p>\n<\/div>\n<\/div>\n<section class=\"elementor-section elementor-top-section elementor-element elementor-element-29b09d8c elementor-section-boxed elementor-section-height-default elementor-section-height-default\" data-id=\"29b09d8c\" data-element_type=\"section\" data-settings=\"{\"background_background\":\"classic\"}\">\n<div class=\"elementor-container elementor-column-gap-no\">\n<div class=\"elementor-column elementor-col-100 elementor-top-column elementor-element elementor-element-c012807\" data-id=\"c012807\" data-element_type=\"column\">\n<div class=\"elementor-widget-wrap elementor-element-populated\">\n<div class=\"elementor-element elementor-element-65fc65b9 elementor-widget elementor-widget-text-editor\" data-id=\"65fc65b9\" data-element_type=\"widget\" data-widget_type=\"text-editor.default\">\n<div class=\"elementor-widget-container\"><strong>The forester\u2019s path from centennial forests to a millennial cave<\/strong><\/div>\n<div><\/div>\n<div>Forests have always played a special role in the imaginary world. It is sufficient to mention the cult status in popular culture of Sherwood Forest, the home of Robin Hood, Mirkwood from the Lord of the Rings, and the Forbidden Forest from the Harry Potter series, as well as Stribor Forest in Croatian fairy tales. The ancient forests of downy oak and Oriental hornbeam on Stinice are symbolic of the beginning of the magical middle course of the Krka River. With trees more than one hundred and fifty to two hundred years old, it is also the beginning, or rather the end of the educational pedestrian footpath of Stinice \u2013 Ro\u0161ki slap \u2013 Ozi\u0111ana pe\u0107ina cave.<\/div>\n<\/div>\n<div class=\"elementor-element elementor-element-5675ea73 elementor-widget elementor-widget-text-editor\" data-id=\"5675ea73\" data-element_type=\"widget\" data-widget_type=\"text-editor.default\">\n<div class=\"elementor-widget-container\">\n<p>From centuries old woods to the prehistoric cave, through the emerald-green gorge and across the silver cascades of the Ro\u0161ki slap, once walked a forester, whose duty was to guard the forests and its contents. Foresters were in charge of given areas \u2013 called lugarias, which usually also contained a forester\u2019s lodge, where they lived alone or with their family. This was once what the Visovac House \u201cKu\u017eelj\u201d at Stinice was used for, while today it is a Visitor Centre, where a permanent exhibit of \u201cA Forester\u2019s Lodge\u201d is displayed.<em>.<\/em><\/p>\n<p class=\"translation-block\">At the other end of the trail is the home of prehistoric man, Ozi\u0111ana pe\u0107ina cave, which can be reached by 517 wooden stairs laid vertically on the rocks of Ro\u0161ki slap. Archaeological excavation confirmed the presence in the cave of all the Neolithic cultures of the Adriatic region, followed by the Eneolithic and the Early and Middle Bronze Age. Man was constantly present in the cave in the period from 6000 to 1500 BC. An archaeological collection is displayed in the cave, in situ. This means that visitors have a chance to walk in the footsteps of Neolithic man.<\/p>\n<p class=\"translation-block\">Walking along this path, a person seems to walk from one world to another: the landscape constantly changes \u2013 from the wetland terrain, one of the most important European ornithological areas due to the number of bird species during their migrations, to the narrow canyon with views of the \u0160uplja stina cave, the remnants of the medieval fortress of Kami\u010dak, and the cliff on the right side of the canyon where the fortress of Rogovo once stood. The trail crosses the Ro\u0161ki slap, with its pearly necklaces, climbs up to the cave and ends at Bogati\u0107i, at an altitude of 234 m above sea level.<\/p>\n<\/div>\n<\/div>\n<\/div>\n<\/div>\n<\/div>\n<\/section>","protected":false},"excerpt":{"rendered":"<p>The forester\u2019s path from centennial forests to a millennial cave<\/p>","protected":false},"author":1,"featured_media":1421,"parent":1355,"menu_order":10,"comment_status":"closed","ping_status":"closed","template":"page-bike.php","meta":{"footnotes":""},"class_list":["post-1408","page","type-page","status-publish","has-post-thumbnail","hentry"],"_links":{"self":[{"href":"https:\/\/npkrka.hr\/en_us\/wp-json\/wp\/v2\/pages\/1408","targetHints":{"allow":["GET"]}}],"collection":[{"href":"https:\/\/npkrka.hr\/en_us\/wp-json\/wp\/v2\/pages"}],"about":[{"href":"https:\/\/npkrka.hr\/en_us\/wp-json\/wp\/v2\/types\/page"}],"author":[{"embeddable":true,"href":"https:\/\/npkrka.hr\/en_us\/wp-json\/wp\/v2\/users\/1"}],"replies":[{"embeddable":true,"href":"https:\/\/npkrka.hr\/en_us\/wp-json\/wp\/v2\/comments?post=1408"}],"version-history":[{"count":0,"href":"https:\/\/npkrka.hr\/en_us\/wp-json\/wp\/v2\/pages\/1408\/revisions"}],"up":[{"embeddable":true,"href":"https:\/\/npkrka.hr\/en_us\/wp-json\/wp\/v2\/pages\/1355"}],"wp:featuredmedia":[{"embeddable":true,"href":"https:\/\/npkrka.hr\/en_us\/wp-json\/wp\/v2\/media\/1421"}],"wp:attachment":[{"href":"https:\/\/npkrka.hr\/en_us\/wp-json\/wp\/v2\/media?parent=1408"}],"curies":[{"name":"wp","href":"https:\/\/api.w.org\/{rel}","templated":true}]}}