{"id":12877,"date":"2025-10-24T09:30:56","date_gmt":"2025-10-24T07:30:56","guid":{"rendered":"https:\/\/www.npkrka.hr\/?page_id=12877"},"modified":"2026-03-19T13:28:19","modified_gmt":"2026-03-19T12:28:19","slug":"mosaic-of-life","status":"publish","type":"page","link":"https:\/\/npkrka.hr\/en_us\/prirodna-bastina\/projekti\/projects\/mosaic-of-life\/","title":{"rendered":"Mosaic of LIFE"},"content":{"rendered":"<p><img fetchpriority=\"high\" decoding=\"async\" class=\"alignnone size-medium wp-image-14621\" src=\"https:\/\/npkrka.hr\/wp-content\/uploads\/Mosaic-of-LIFE-1-300x200.png\" alt=\"\" width=\"300\" height=\"200\" srcset=\"https:\/\/npkrka.hr\/wp-content\/uploads\/Mosaic-of-LIFE-1-300x200.png 300w, https:\/\/npkrka.hr\/wp-content\/uploads\/Mosaic-of-LIFE-1-1024x683.png 1024w, https:\/\/npkrka.hr\/wp-content\/uploads\/Mosaic-of-LIFE-1-768x512.png 768w, https:\/\/npkrka.hr\/wp-content\/uploads\/Mosaic-of-LIFE-1-18x12.png 18w, https:\/\/npkrka.hr\/wp-content\/uploads\/Mosaic-of-LIFE-1.png 1200w\" sizes=\"(max-width: 300px) 100vw, 300px\" \/><\/p>\n<p>&nbsp;<\/p>\n<p><strong>Project name:<\/strong><\/p>\n<p>Mosaic of LIFE \u2013\u00a0Obnova stani\u0161ta, pobolj\u0161anje statusa za\u0161tite travnja\u010dkih ptica i promicanje rje\u0161enja temeljenih na prirodi kroz otporni mozaik mediteranskog krajolika<\/p>\n<p><strong>LIFE24-NAT-HR-Mosaic-of-LIFE\/101202651<\/strong><\/p>\n<p><strong>Project duration: <\/strong><\/p>\n<ol>\n<li>9. 2025. \u2013 31. 8. 2030.<\/li>\n<\/ol>\n<p><strong>Total project budget:<\/strong><\/p>\n<p>4.850.315,57 \u20ac<\/p>\n<p><strong>Lead beneficiary:<\/strong><\/p>\n<p>Biom association<\/p>\n<p><strong>Project partners:<\/strong><\/p>\n<p>Ecological Association \u201cKrka\u201d Knin<\/p>\n<p>University of Zagreb Faculty of Agriculture<\/p>\n<p>Public Institute of Krka National Park<\/p>\n<p>Fire Association of Split-Dalmatia County<\/p>\n<p><strong>Associated partners<\/strong><\/p>\n<p>Ministry of Environmental Protection and Green Transition \u2013 State Institute for Nature Protection<\/p>\n<p>Ministry of Agriculture, Forestry and Fisheries<\/p>\n<p>Public Institution for Management of Protected Parts of Nature in the Split-Dalmatia County \u2013 More i kr\u0161<\/p>\n<p>Public Institution Nature of \u0160ibenik-Knin County<\/p>\n<p><strong>Contact<\/strong><\/p>\n<p>Tomislav Hudina, tomislav.hudina@biom.hr, Project manager<\/p>\n<p><strong>Project aims:<\/strong><\/p>\n<ul>\n<li>To conduct the restoration activities on a minimum of 560 ha and improve management of additional 1020 ha of bush-encroached Natura 2000 target grasslands and significantly increase the number of nesting pairs of the four target bird species in the project area through upscaling activities and transfer of knowledge from the Dinara back to LIFE project to the wider region.<\/li>\n<li>To empower livestock farmers, decision makers and other stakeholders to preserve the target Natura 2000 grassland habitats and associated species by improving the economic profitability of traditional extensive agriculture and boosting resilience to climate change.<\/li>\n<li>To advocate for the preservation of the mosaic landscape by making it more resilient to climate change through the application of nature based solutions and the testing of legal options related to the Nature Restoration Law and national legislation.<\/li>\n<li>To raise awareness about the importance of mosaic landscape conservation, target habitats and related species, and promote traditional agricultural practices and EU policies that contribute to solving existing challenges.<\/li>\n<\/ul>\n<p><img decoding=\"async\" class=\"alignnone wp-image-12836\" src=\"https:\/\/www.npkrka.hr\/wp-content\/uploads\/Dizajn-bez-naslova-300x90.png\" alt=\"\" width=\"587\" height=\"176\" srcset=\"https:\/\/npkrka.hr\/wp-content\/uploads\/Dizajn-bez-naslova-300x90.png 300w, https:\/\/npkrka.hr\/wp-content\/uploads\/Dizajn-bez-naslova-1024x309.png 1024w, https:\/\/npkrka.hr\/wp-content\/uploads\/Dizajn-bez-naslova-768x232.png 768w, https:\/\/npkrka.hr\/wp-content\/uploads\/Dizajn-bez-naslova-1536x463.png 1536w, https:\/\/npkrka.hr\/wp-content\/uploads\/Dizajn-bez-naslova.png 2000w\" sizes=\"(max-width: 587px) 100vw, 587px\" \/><\/p>\n<p><em>Projekt \u201eMosaic of LIFE\u201c je sufinanciran sredstvima LIFE Programa Europske unije, Ureda za udruge Vlade Republike Hrvatske i Fonda za za\u0161titu okoli\u0161a i energetsku u\u010dinkovitost.<\/em><\/p>\n<p><a href=\"https:\/\/www.npkrka.hr\/wp-content\/uploads\/INFO_Mosaic-of-LIFE.pdf\">INFO_Mosaic of LIFE<\/a><\/p>\n<p><a href=\"https:\/\/www.biom.hr\/en\/projects\/mosaic-of-life\/\">Mosaic of LIFE<\/a><\/p>","protected":false},"excerpt":{"rendered":"<p>Puni naziv projekta: Mosaic of LIFE \u2013 Habitat restoration, grassland birds conservation status improvement and promotion of nature based solutions through resilient mosaic Mediterranean landscape LIFE24-NAT-HR-Mosaic-of&#8230;<\/p>","protected":false},"author":2,"featured_media":14621,"parent":9356,"menu_order":3,"comment_status":"closed","ping_status":"closed","template":"page-5.php","meta":{"footnotes":""},"class_list":["post-12877","page","type-page","status-publish","has-post-thumbnail","hentry"],"_links":{"self":[{"href":"https:\/\/npkrka.hr\/en_us\/wp-json\/wp\/v2\/pages\/12877","targetHints":{"allow":["GET"]}}],"collection":[{"href":"https:\/\/npkrka.hr\/en_us\/wp-json\/wp\/v2\/pages"}],"about":[{"href":"https:\/\/npkrka.hr\/en_us\/wp-json\/wp\/v2\/types\/page"}],"author":[{"embeddable":true,"href":"https:\/\/npkrka.hr\/en_us\/wp-json\/wp\/v2\/users\/2"}],"replies":[{"embeddable":true,"href":"https:\/\/npkrka.hr\/en_us\/wp-json\/wp\/v2\/comments?post=12877"}],"version-history":[{"count":2,"href":"https:\/\/npkrka.hr\/en_us\/wp-json\/wp\/v2\/pages\/12877\/revisions"}],"predecessor-version":[{"id":14875,"href":"https:\/\/npkrka.hr\/en_us\/wp-json\/wp\/v2\/pages\/12877\/revisions\/14875"}],"up":[{"embeddable":true,"href":"https:\/\/npkrka.hr\/en_us\/wp-json\/wp\/v2\/pages\/9356"}],"wp:featuredmedia":[{"embeddable":true,"href":"https:\/\/npkrka.hr\/en_us\/wp-json\/wp\/v2\/media\/14621"}],"wp:attachment":[{"href":"https:\/\/npkrka.hr\/en_us\/wp-json\/wp\/v2\/media?parent=12877"}],"curies":[{"name":"wp","href":"https:\/\/api.w.org\/{rel}","templated":true}]}}