{"id":1235,"date":"2022-07-12T11:51:23","date_gmt":"2022-07-12T09:51:23","guid":{"rendered":"https:\/\/www.npkrka.hr\/?page_id=1235"},"modified":"2023-10-12T09:34:48","modified_gmt":"2023-10-12T07:34:48","slug":"cestovni-biciklizam","status":"publish","type":"page","link":"https:\/\/npkrka.hr\/en_us\/posjeti\/krka-bike\/cestovni-biciklizam\/","title":{"rendered":"Road biking"},"content":{"rendered":"<p><strong>Road route\u00a0<\/strong>\u2013 Such routes are defined as riding road\/sports bicycles on high-quality asphalt roads, or on routes with an above-average total length and varied height profiles. It is intended for active athletes searching for physically demanding sports challenges.<\/p>\n<p>Infrastructure \u2013 Marked routes asphalt roads with moderate traffic density, with ascents and descents of varying difficulty that pass through interesting landscapes.<\/p>\n<p>Target group \u2013 individuals and groups middle-aged and older.<\/p>","protected":false},"excerpt":{"rendered":"<p>Cestovna ruta\u00a0\u2013 karakterizira je vo\u017enja sportskim cestovnim biciklima po kvalitetnim asfaltiranim cestama, na rutama s iznadprosje\u010dnom ukupnom duljinom i razli\u010ditih visinskih profila. Namijenjena je aktivnim sporta\u0161ima koji tra\u017ee fizi\u010dki zahtjevne sportske izazove.<\/p>","protected":false},"author":1,"featured_media":1236,"parent":99,"menu_order":3,"comment_status":"closed","ping_status":"closed","template":"page-4.php","meta":{"footnotes":""},"class_list":["post-1235","page","type-page","status-publish","has-post-thumbnail","hentry"],"_links":{"self":[{"href":"https:\/\/npkrka.hr\/en_us\/wp-json\/wp\/v2\/pages\/1235","targetHints":{"allow":["GET"]}}],"collection":[{"href":"https:\/\/npkrka.hr\/en_us\/wp-json\/wp\/v2\/pages"}],"about":[{"href":"https:\/\/npkrka.hr\/en_us\/wp-json\/wp\/v2\/types\/page"}],"author":[{"embeddable":true,"href":"https:\/\/npkrka.hr\/en_us\/wp-json\/wp\/v2\/users\/1"}],"replies":[{"embeddable":true,"href":"https:\/\/npkrka.hr\/en_us\/wp-json\/wp\/v2\/comments?post=1235"}],"version-history":[{"count":0,"href":"https:\/\/npkrka.hr\/en_us\/wp-json\/wp\/v2\/pages\/1235\/revisions"}],"up":[{"embeddable":true,"href":"https:\/\/npkrka.hr\/en_us\/wp-json\/wp\/v2\/pages\/99"}],"wp:featuredmedia":[{"embeddable":true,"href":"https:\/\/npkrka.hr\/en_us\/wp-json\/wp\/v2\/media\/1236"}],"wp:attachment":[{"href":"https:\/\/npkrka.hr\/en_us\/wp-json\/wp\/v2\/media?parent=1235"}],"curies":[{"name":"wp","href":"https:\/\/api.w.org\/{rel}","templated":true}]}}