{"id":1224,"date":"2022-07-12T11:35:24","date_gmt":"2022-07-12T09:35:24","guid":{"rendered":"https:\/\/www.npkrka.hr\/?page_id=1224"},"modified":"2023-10-11T12:54:49","modified_gmt":"2023-10-11T10:54:49","slug":"krka-bike-trek-6","status":"publish","type":"page","link":"https:\/\/npkrka.hr\/en_us\/posjeti\/krka-bike\/trekking\/krka-bike-trek-6\/","title":{"rendered":"Krka Bike Trek 6"},"content":{"rendered":"<p>The cycle route begins at the Krka National Park visitor centre at La\u0161kovica, descends down into the Krka River canyon, passes over Ro\u0161ki slap waterfall, ascends out of the canyon to the viewing points and Ozi\u0111ana pe\u0107ina cave, and then returns along the same route back to the visitor centre.<\/p>\n<div class=\"fotorama rounded-lg  shadow lblue-bg mt-5\" data-width=\"100%\" data-ratio=\"16\/10\"  data-nav=\"thumbs\" data-autoplay=\"true\" data-arrows=\"true\" data-transition=\"crossfade\"><div data-video=\"https:\/\/www.youtube.com\/watch?v=fR3S-2aZUBk\"> <\/div><img decoding=\"async\" src=\"https:\/\/npkrka.hr\/wp-content\/uploads\/ozianapeina13-1.jpg\" width=\"100%\" \/><img decoding=\"async\" src=\"https:\/\/npkrka.hr\/wp-content\/uploads\/Roski-slap-voda-mlin.jpg\" width=\"100%\" \/><img decoding=\"async\" src=\"https:\/\/npkrka.hr\/wp-content\/uploads\/roski-slap-most-road.jpg\" width=\"100%\" \/><img decoding=\"async\" src=\"https:\/\/npkrka.hr\/wp-content\/uploads\/Np-Krka-Cikloturizam-0080.jpg\" width=\"100%\" \/><img decoding=\"async\" src=\"https:\/\/npkrka.hr\/wp-content\/uploads\/Np-Krka-Cikloturizam-0015.jpg\" width=\"100%\" \/><img decoding=\"async\" src=\"https:\/\/npkrka.hr\/wp-content\/uploads\/Np-Krka-Cikloturizam-0192.jpg\" width=\"100%\" \/><img decoding=\"async\" src=\"https:\/\/npkrka.hr\/wp-content\/uploads\/Np-Krka-Cikloturizam-0079.jpg\" width=\"100%\" \/><img decoding=\"async\" src=\"https:\/\/npkrka.hr\/wp-content\/uploads\/Np-Krka-Cikloturizam-0078.jpg\" width=\"100%\" \/><\/div><p>&nbsp;<\/p>","protected":false},"excerpt":{"rendered":"<p>The cycle route begins at the Krka National Park visitor centre at La\u0161kovica, descends down into the Krka River canyon, passes over Ro\u0161ki slap waterfall, ascends out of the canyon to the viewing points and Ozi\u0111ana pe\u0107ina cave, and then returns along the same route back to the visitor centre.<\/p>","protected":false},"author":1,"featured_media":8722,"parent":1160,"menu_order":5,"comment_status":"closed","ping_status":"closed","template":"page-bike.php","meta":{"footnotes":""},"class_list":["post-1224","page","type-page","status-publish","has-post-thumbnail","hentry"],"_links":{"self":[{"href":"https:\/\/npkrka.hr\/en_us\/wp-json\/wp\/v2\/pages\/1224","targetHints":{"allow":["GET"]}}],"collection":[{"href":"https:\/\/npkrka.hr\/en_us\/wp-json\/wp\/v2\/pages"}],"about":[{"href":"https:\/\/npkrka.hr\/en_us\/wp-json\/wp\/v2\/types\/page"}],"author":[{"embeddable":true,"href":"https:\/\/npkrka.hr\/en_us\/wp-json\/wp\/v2\/users\/1"}],"replies":[{"embeddable":true,"href":"https:\/\/npkrka.hr\/en_us\/wp-json\/wp\/v2\/comments?post=1224"}],"version-history":[{"count":0,"href":"https:\/\/npkrka.hr\/en_us\/wp-json\/wp\/v2\/pages\/1224\/revisions"}],"up":[{"embeddable":true,"href":"https:\/\/npkrka.hr\/en_us\/wp-json\/wp\/v2\/pages\/1160"}],"wp:featuredmedia":[{"embeddable":true,"href":"https:\/\/npkrka.hr\/en_us\/wp-json\/wp\/v2\/media\/8722"}],"wp:attachment":[{"href":"https:\/\/npkrka.hr\/en_us\/wp-json\/wp\/v2\/media?parent=1224"}],"curies":[{"name":"wp","href":"https:\/\/api.w.org\/{rel}","templated":true}]}}