{"id":118,"date":"2022-06-15T09:35:03","date_gmt":"2022-06-15T07:35:03","guid":{"rendered":"https:\/\/www.npkrka.hr\/?page_id=118"},"modified":"2024-08-20T14:14:28","modified_gmt":"2024-08-20T12:14:28","slug":"suveniri","status":"publish","type":"page","link":"https:\/\/npkrka.hr\/en_us\/posjeti\/suveniri\/","title":{"rendered":"Souvenirs"},"content":{"rendered":"<p><b>Take a piece of history with you: traditional souvenirs<\/b><\/p>\n<p>There is no better memento than an original souvenir, as not only will it be a reminder of a beautiful holiday, but you can also retell the story of the tradition and history of the place you have returned from. Souvenirs inspired by tradition can be found in Krka NP souvenir shops at Skradinski buk and Ro\u0161ki slap waterfalls, \u0160ibenik (Trg Ivana Pavla II. br. 5) and Drni\u0161 (Ulica kardinala A. Stepinca 17).<\/p>","protected":false},"excerpt":{"rendered":"<p>Take a piece of history with you: traditional souvenirs<\/p>","protected":false},"author":1,"featured_media":3257,"parent":27,"menu_order":11,"comment_status":"closed","ping_status":"closed","template":"page-subpages.php","meta":{"footnotes":""},"class_list":["post-118","page","type-page","status-publish","has-post-thumbnail","hentry"],"_links":{"self":[{"href":"https:\/\/npkrka.hr\/en_us\/wp-json\/wp\/v2\/pages\/118","targetHints":{"allow":["GET"]}}],"collection":[{"href":"https:\/\/npkrka.hr\/en_us\/wp-json\/wp\/v2\/pages"}],"about":[{"href":"https:\/\/npkrka.hr\/en_us\/wp-json\/wp\/v2\/types\/page"}],"author":[{"embeddable":true,"href":"https:\/\/npkrka.hr\/en_us\/wp-json\/wp\/v2\/users\/1"}],"replies":[{"embeddable":true,"href":"https:\/\/npkrka.hr\/en_us\/wp-json\/wp\/v2\/comments?post=118"}],"version-history":[{"count":0,"href":"https:\/\/npkrka.hr\/en_us\/wp-json\/wp\/v2\/pages\/118\/revisions"}],"up":[{"embeddable":true,"href":"https:\/\/npkrka.hr\/en_us\/wp-json\/wp\/v2\/pages\/27"}],"wp:featuredmedia":[{"embeddable":true,"href":"https:\/\/npkrka.hr\/en_us\/wp-json\/wp\/v2\/media\/3257"}],"wp:attachment":[{"href":"https:\/\/npkrka.hr\/en_us\/wp-json\/wp\/v2\/media?parent=118"}],"curies":[{"name":"wp","href":"https:\/\/api.w.org\/{rel}","templated":true}]}}