{"id":11170,"date":"2024-12-18T14:04:01","date_gmt":"2024-12-18T13:04:01","guid":{"rendered":"https:\/\/www.npkrka.hr\/?page_id=11170"},"modified":"2026-01-26T11:55:36","modified_gmt":"2026-01-26T10:55:36","slug":"green-eye-festival","status":"publish","type":"page","link":"https:\/\/npkrka.hr\/en_us\/o-nama\/green-eye-festival\/","title":{"rendered":"Green Eye Festival"},"content":{"rendered":"<p><strong>In January, \u0160ibenik become a green film screen<\/strong><\/p>\n<p class=\"translation-block\">From the 22nd to the 24nd of January, The Green Eyed Festival will help carry out the Green Eye Festival \u2013 Time to BEE Green, the first festival on this theme; the Public film festival of the Krka National Park.<\/p>\n<p>This year's edition of the festival puts the spotlight on pollinators \u2013 often invisible, but crucial for the preservation of ecosystems, food security, and nature's resilience to climate change. Through stories from the field and the experiences of local communities, beekeepers, and young people, the festival reminds us that biodiversity is not an abstract concept, but a living network that directly depends on our daily decisions and the manner we implement policies of the manner of procection nature.<\/p>\n<p>During the two days of the festival, visitors will be able to enjoy carefully selected films by renowned authors and discussions with educational panels featuring interesting guests. Tijekom dva dana festivala posjetitelji \u0107e mo\u0107i u\u017eivati u pa\u017eljivo odabranim filmovima renomiranih autora i edukativnim panel-raspravama sa zanimljivim gostima.<\/p>\n<p>Green Eye Festival (GEF) \u2013 Nature Is Watching You, an innovative program launched in 2017, is a combination of film art and environmental awareness, which aims to bring the topics of ecology, environmental protection, and nature conservation closer to a wider audience. As a rare example of a festival initiated by a public institution, GEF stands out by focusing on ecology through the audiovisual arts and accompanying educational activities.<\/p>\n<p>Welcome to the Green Eye Festival \u2013  a place where film opens our eyes, and nature reminds us that we are an inseparable part of it.<\/p>\n<div class=\"fotorama rounded-lg  shadow lblue-bg mt-5\" data-width=\"100%\" data-ratio=\"16\/10\"  data-nav=\"thumbs\" data-autoplay=\"true\" data-arrows=\"true\" data-transition=\"crossfade\"><img decoding=\"async\" src=\"https:\/\/npkrka.hr\/wp-content\/uploads\/greeneye-dan-1-7.jpg\" width=\"100%\" \/><img decoding=\"async\" src=\"https:\/\/npkrka.hr\/wp-content\/uploads\/greeneye-dan-1-8.jpg\" width=\"100%\" \/><img decoding=\"async\" src=\"https:\/\/npkrka.hr\/wp-content\/uploads\/greeneye-dan-1-10.jpg\" width=\"100%\" \/><img decoding=\"async\" src=\"https:\/\/npkrka.hr\/wp-content\/uploads\/greeneye-dan-1-17.jpg\" width=\"100%\" \/><img decoding=\"async\" src=\"https:\/\/npkrka.hr\/wp-content\/uploads\/greeneye-dan-1-19.jpg\" width=\"100%\" \/><img decoding=\"async\" src=\"https:\/\/npkrka.hr\/wp-content\/uploads\/greeneye-dan-1-22.jpg\" width=\"100%\" \/><img decoding=\"async\" src=\"https:\/\/npkrka.hr\/wp-content\/uploads\/greeneye-dan-1-23.jpg\" width=\"100%\" \/><img decoding=\"async\" src=\"https:\/\/npkrka.hr\/wp-content\/uploads\/greeneye-dan-1-24.jpg\" width=\"100%\" \/><img decoding=\"async\" src=\"https:\/\/npkrka.hr\/wp-content\/uploads\/greeneye-dan-1-28.jpg\" width=\"100%\" \/><img decoding=\"async\" src=\"https:\/\/npkrka.hr\/wp-content\/uploads\/greeneye-dan-1-33.jpg\" width=\"100%\" \/><img decoding=\"async\" src=\"https:\/\/npkrka.hr\/wp-content\/uploads\/greeneye-dan-1-35.jpg\" width=\"100%\" \/><img decoding=\"async\" src=\"https:\/\/npkrka.hr\/wp-content\/uploads\/greeneye-dan-1-36.jpg\" width=\"100%\" \/><img decoding=\"async\" src=\"https:\/\/npkrka.hr\/wp-content\/uploads\/greeneye-dan-1-47.jpg\" width=\"100%\" \/><img decoding=\"async\" src=\"https:\/\/npkrka.hr\/wp-content\/uploads\/greeneye-dan-1-51.jpg\" width=\"100%\" \/><img decoding=\"async\" src=\"https:\/\/npkrka.hr\/wp-content\/uploads\/greeneye-dan-1-52.jpg\" width=\"100%\" \/><img decoding=\"async\" src=\"https:\/\/npkrka.hr\/wp-content\/uploads\/greeneye-dan-1-73.jpg\" width=\"100%\" \/><img decoding=\"async\" src=\"https:\/\/npkrka.hr\/wp-content\/uploads\/greeneye-dan-1-84.jpg\" width=\"100%\" \/><img decoding=\"async\" src=\"https:\/\/npkrka.hr\/wp-content\/uploads\/greeneye-dan-1-89.jpg\" width=\"100%\" \/><img decoding=\"async\" src=\"https:\/\/npkrka.hr\/wp-content\/uploads\/greeneye-dan-1-93.jpg\" width=\"100%\" \/><img decoding=\"async\" src=\"https:\/\/npkrka.hr\/wp-content\/uploads\/green-eye-drugi-dan-33.jpg\" width=\"100%\" \/><img decoding=\"async\" src=\"https:\/\/npkrka.hr\/wp-content\/uploads\/greeneye-dan-1-90.jpg\" width=\"100%\" \/><img decoding=\"async\" src=\"https:\/\/npkrka.hr\/wp-content\/uploads\/green-eye-dan-1-98.jpg\" width=\"100%\" \/><img decoding=\"async\" src=\"https:\/\/npkrka.hr\/wp-content\/uploads\/green-eye-dan-1-100.jpg\" width=\"100%\" \/><img decoding=\"async\" src=\"https:\/\/npkrka.hr\/wp-content\/uploads\/green-eye-dan-1-102.jpg\" width=\"100%\" \/><img decoding=\"async\" src=\"https:\/\/npkrka.hr\/wp-content\/uploads\/green-eye-dan-1-104.jpg\" width=\"100%\" \/><img decoding=\"async\" src=\"https:\/\/npkrka.hr\/wp-content\/uploads\/green-eye-dan-1-107.jpg\" width=\"100%\" \/><img decoding=\"async\" src=\"https:\/\/npkrka.hr\/wp-content\/uploads\/green-eye-drugi-dan-6.jpg\" width=\"100%\" \/><img decoding=\"async\" src=\"https:\/\/npkrka.hr\/wp-content\/uploads\/green-eye-drugi-dan-9.jpg\" width=\"100%\" \/><img decoding=\"async\" src=\"https:\/\/npkrka.hr\/wp-content\/uploads\/green-eye-drugi-dan-13.jpg\" width=\"100%\" \/><img decoding=\"async\" src=\"https:\/\/npkrka.hr\/wp-content\/uploads\/green-eye-drugi-dan-15.jpg\" width=\"100%\" \/><img decoding=\"async\" src=\"https:\/\/npkrka.hr\/wp-content\/uploads\/green-eye-drugi-dan-21.jpg\" width=\"100%\" \/><img decoding=\"async\" src=\"https:\/\/npkrka.hr\/wp-content\/uploads\/green-eye-drugi-dan-23.jpg\" width=\"100%\" \/><img decoding=\"async\" src=\"https:\/\/npkrka.hr\/wp-content\/uploads\/green-eye-drugi-dan-26.jpg\" width=\"100%\" \/><img decoding=\"async\" src=\"https:\/\/npkrka.hr\/wp-content\/uploads\/green-eye-drugi-dan-29.jpg\" width=\"100%\" \/><img decoding=\"async\" src=\"https:\/\/npkrka.hr\/wp-content\/uploads\/green-eye-drugi-dan-30.jpg\" width=\"100%\" \/><\/div><p>&nbsp;<\/p>","protected":false},"excerpt":{"rendered":"<p>Proslavimo \u010detrdeseti ro\u0111endan NP \u201eKrka\u201c uz Green Eye Festival posve\u0107en odr\u017eivu razvoju Ovogodi\u0161nji Green Eye Festival odr\u017eat \u0107e se 23. i 24. sije\u010dnja u sklopu obilje\u017eavanja \u010detrdesete obljetnice osnutka Nacionalnog parka \u201eKrk&#8230;<\/p>","protected":false},"author":2,"featured_media":14310,"parent":23,"menu_order":9,"comment_status":"closed","ping_status":"closed","template":"page-8.php","meta":{"footnotes":""},"class_list":["post-11170","page","type-page","status-publish","has-post-thumbnail","hentry"],"_links":{"self":[{"href":"https:\/\/npkrka.hr\/en_us\/wp-json\/wp\/v2\/pages\/11170","targetHints":{"allow":["GET"]}}],"collection":[{"href":"https:\/\/npkrka.hr\/en_us\/wp-json\/wp\/v2\/pages"}],"about":[{"href":"https:\/\/npkrka.hr\/en_us\/wp-json\/wp\/v2\/types\/page"}],"author":[{"embeddable":true,"href":"https:\/\/npkrka.hr\/en_us\/wp-json\/wp\/v2\/users\/2"}],"replies":[{"embeddable":true,"href":"https:\/\/npkrka.hr\/en_us\/wp-json\/wp\/v2\/comments?post=11170"}],"version-history":[{"count":5,"href":"https:\/\/npkrka.hr\/en_us\/wp-json\/wp\/v2\/pages\/11170\/revisions"}],"predecessor-version":[{"id":14430,"href":"https:\/\/npkrka.hr\/en_us\/wp-json\/wp\/v2\/pages\/11170\/revisions\/14430"}],"up":[{"embeddable":true,"href":"https:\/\/npkrka.hr\/en_us\/wp-json\/wp\/v2\/pages\/23"}],"wp:featuredmedia":[{"embeddable":true,"href":"https:\/\/npkrka.hr\/en_us\/wp-json\/wp\/v2\/media\/14310"}],"wp:attachment":[{"href":"https:\/\/npkrka.hr\/en_us\/wp-json\/wp\/v2\/media?parent=11170"}],"curies":[{"name":"wp","href":"https:\/\/api.w.org\/{rel}","templated":true}]}}