{"id":1102,"date":"2022-07-04T08:57:46","date_gmt":"2022-07-04T06:57:46","guid":{"rendered":"https:\/\/www.npkrka.hr\/?page_id=1102"},"modified":"2022-09-27T10:58:42","modified_gmt":"2022-09-27T08:58:42","slug":"vidikovac-visovac","status":"publish","type":"page","link":"https:\/\/npkrka.hr\/en_us\/posjeti\/vidikovci\/vidikovac-visovac\/","title":{"rendered":"Visovac viewpoint"},"content":{"rendered":"<section class=\"elementor-section elementor-inner-section elementor-element elementor-element-61ecaa54 elementor-section-boxed elementor-section-height-default elementor-section-height-default\" data-id=\"61ecaa54\" data-element_type=\"section\">\n<div class=\"elementor-container elementor-column-gap-default\">\n<div class=\"elementor-column elementor-col-100 elementor-inner-column elementor-element elementor-element-529aef\" data-id=\"529aef\" data-element_type=\"column\">\n<div class=\"elementor-widget-wrap elementor-element-populated\">\n<div class=\"elementor-element elementor-element-46b3b592 elementor-widget elementor-widget-text-editor\" data-id=\"46b3b592\" data-element_type=\"widget\" data-widget_type=\"text-editor.default\">\n<div class=\"elementor-widget-container\">\n<p><strong>Catch a view of the distinctive (summer) grandeur of the Krka River from a lookout point: Visovac<\/strong><\/p>\n<p>Visovac Island, surrounded by its recognizable landscape of poplars, and resting on the quiet, lake-like part of the river, is a site that one can enjoy from several places on the banks of the Krka River, but there is only one official lookout point. On it, his gaze focused on this \u201cIsland of Our Lady\u201d, stands Petar Sva\u010di\u0107, the last Croatian national king, holding a sword in one hand and in the other a shield.<\/p>\n<p>According to legend, Petar Sva\u010di\u0107, the last king of Croatian blood, was born in the castle of Kami\u010dak, raised above the cliffs of the Krka canyon, in the Miljevci plateau, by the edge of the village of Bri\u0161tane. In 2002, on the occasion of the celebration of the 900th anniversary of his death, a monument to him was erected at the top of the Visovac cliff, the work of the academy trained sculptor Ka\u017eimir Hraste.<\/p>\n<p>From this viewpoint, a serpentine road descends to Stinice, the dock for the ships that transport travellers and pilgrims to Visovac. This is where the mystic middle course of the Krka River begins. This impression is first heralded by \u201cOur Lady of Visovac\u201d, the \u201cwhite rock\u201d in the middle of the lake, where Franciscans have lived and prayed since the 15th century.<\/p>\n<p>That\u2019s why this lookout point is ideal to stop for a little and admire the open nature of the setting before you head to the island itself or stroll through the centuries-old woods of downy oak and oriental hornbeam, where the pedestrian-footpath of Stinice \u2013 Ro\u0161ki slap \u2013 Ozi\u0111ana pe\u0107ina cave begins and where the Ku\u017eelj House Visitor Center is located.<\/p>\n<p><img decoding=\"async\" class=\"alignnone size-full wp-image-1103\" src=\"https:\/\/www.npkrka.hr\/wp-content\/uploads\/Vidikovac-Visovac.jpg\" alt=\"\" width=\"100%\" srcset=\"https:\/\/npkrka.hr\/wp-content\/uploads\/Vidikovac-Visovac.jpg 1839w, https:\/\/npkrka.hr\/wp-content\/uploads\/Vidikovac-Visovac-300x200.jpg 300w, https:\/\/npkrka.hr\/wp-content\/uploads\/Vidikovac-Visovac-1024x684.jpg 1024w, https:\/\/npkrka.hr\/wp-content\/uploads\/Vidikovac-Visovac-768x513.jpg 768w, https:\/\/npkrka.hr\/wp-content\/uploads\/Vidikovac-Visovac-1536x1026.jpg 1536w\" sizes=\"(max-width: 1839px) 100vw, 1839px\" \/><\/p>\n<\/div>\n<\/div>\n<\/div>\n<\/div>\n<\/div>\n<\/section>","protected":false},"excerpt":{"rendered":"<p>Catch a view of the distinctive (summer) grandeur of the Krka River from a lookout point: Visovac<\/p>","protected":false},"author":1,"featured_media":1103,"parent":106,"menu_order":2,"comment_status":"closed","ping_status":"closed","template":"","meta":{"footnotes":""},"class_list":["post-1102","page","type-page","status-publish","has-post-thumbnail","hentry"],"_links":{"self":[{"href":"https:\/\/npkrka.hr\/en_us\/wp-json\/wp\/v2\/pages\/1102","targetHints":{"allow":["GET"]}}],"collection":[{"href":"https:\/\/npkrka.hr\/en_us\/wp-json\/wp\/v2\/pages"}],"about":[{"href":"https:\/\/npkrka.hr\/en_us\/wp-json\/wp\/v2\/types\/page"}],"author":[{"embeddable":true,"href":"https:\/\/npkrka.hr\/en_us\/wp-json\/wp\/v2\/users\/1"}],"replies":[{"embeddable":true,"href":"https:\/\/npkrka.hr\/en_us\/wp-json\/wp\/v2\/comments?post=1102"}],"version-history":[{"count":0,"href":"https:\/\/npkrka.hr\/en_us\/wp-json\/wp\/v2\/pages\/1102\/revisions"}],"up":[{"embeddable":true,"href":"https:\/\/npkrka.hr\/en_us\/wp-json\/wp\/v2\/pages\/106"}],"wp:featuredmedia":[{"embeddable":true,"href":"https:\/\/npkrka.hr\/en_us\/wp-json\/wp\/v2\/media\/1103"}],"wp:attachment":[{"href":"https:\/\/npkrka.hr\/en_us\/wp-json\/wp\/v2\/media?parent=1102"}],"curies":[{"name":"wp","href":"https:\/\/api.w.org\/{rel}","templated":true}]}}