{"id":110,"date":"2022-06-15T09:33:05","date_gmt":"2022-06-15T07:33:05","guid":{"rendered":"https:\/\/www.npkrka.hr\/?page_id=110"},"modified":"2024-08-20T11:37:52","modified_gmt":"2024-08-20T09:37:52","slug":"izleti-brodom","status":"publish","type":"page","link":"https:\/\/npkrka.hr\/en_us\/posjeti\/izleti-brodom\/","title":{"rendered":"Boat excursions"},"content":{"rendered":"<p><b>Krka National Park offers attractive boat excursions towards Torak Lake spring, Visovac Island, Ro\u0161ki slap waterfall and the medieval fortresses of Tro\u0161enj and Ne\u010dven.\u00a0<\/b><\/p>\n<p>For organised groups, prior written announcement to the Public Institute of Krka NP is required.\n\nExpert guides are also available, which is also by appointment only.<\/p>\n<p>Visitors can rent a boat in Skradin to sail to Skradinski buk waterfall, accompanied by a Park staff member (marine motorist).<\/p>","protected":false},"excerpt":{"rendered":"<p>Ponuda Nacionalnog parka \u201eKrka\u201c uklju\u010duje i atraktivne izlete brodom prema Torku, Visovcu, Ro\u0161kom slapu, manastiru Krka i starohrvatskim utvrdama Tro\u0161enju i Ne\u010dvenu.<\/p>","protected":false},"author":1,"featured_media":3463,"parent":27,"menu_order":7,"comment_status":"closed","ping_status":"closed","template":"page-subpages.php","meta":{"footnotes":""},"class_list":["post-110","page","type-page","status-publish","has-post-thumbnail","hentry"],"_links":{"self":[{"href":"https:\/\/npkrka.hr\/en_us\/wp-json\/wp\/v2\/pages\/110","targetHints":{"allow":["GET"]}}],"collection":[{"href":"https:\/\/npkrka.hr\/en_us\/wp-json\/wp\/v2\/pages"}],"about":[{"href":"https:\/\/npkrka.hr\/en_us\/wp-json\/wp\/v2\/types\/page"}],"author":[{"embeddable":true,"href":"https:\/\/npkrka.hr\/en_us\/wp-json\/wp\/v2\/users\/1"}],"replies":[{"embeddable":true,"href":"https:\/\/npkrka.hr\/en_us\/wp-json\/wp\/v2\/comments?post=110"}],"version-history":[{"count":0,"href":"https:\/\/npkrka.hr\/en_us\/wp-json\/wp\/v2\/pages\/110\/revisions"}],"up":[{"embeddable":true,"href":"https:\/\/npkrka.hr\/en_us\/wp-json\/wp\/v2\/pages\/27"}],"wp:featuredmedia":[{"embeddable":true,"href":"https:\/\/npkrka.hr\/en_us\/wp-json\/wp\/v2\/media\/3463"}],"wp:attachment":[{"href":"https:\/\/npkrka.hr\/en_us\/wp-json\/wp\/v2\/media?parent=110"}],"curies":[{"name":"wp","href":"https:\/\/api.w.org\/{rel}","templated":true}]}}