{"id":1095,"date":"2022-07-04T08:54:14","date_gmt":"2022-07-04T06:54:14","guid":{"rendered":"https:\/\/www.npkrka.hr\/?page_id=1095"},"modified":"2022-09-27T10:56:11","modified_gmt":"2022-09-27T08:56:11","slug":"vidikovac-krnici-gornji","status":"publish","type":"page","link":"https:\/\/npkrka.hr\/en_us\/posjeti\/vidikovci\/vidikovac-krnici-gornji\/","title":{"rendered":"Krni\u0107i Gornji viewpoint"},"content":{"rendered":"<p><strong>Capture the exceptional (summer) lushness of the Krka with a view from the viewpoint: confluence of the Krka and \u010cikola Rivers<\/strong><\/p>\n<p>If your travels bring you this way, to Krka National Park or another destination, or if you are just passing by while on your business, remember to stop and take in a view of the Krka River. All you need to do is turn off the main road and following the brown tourist signs to reached a viewpoint that offers a spectacular view over the vast blueness and greenness of Krka National Park.<\/p>\n<p>One such sight is the confluence of the Krka and \u010cikola Rivers. If you do not turn towards Lozovac, but instead from the direction of \u0160ibenik continue on towards Pakovo Selo. On the left-hand side of the road, in Krni\u0107i Gornji, you will find a lovely viewpoint that offers the most spectacular view of the confluence.<\/p>\n<p>The raising of the travertine barrier at Skradinski buk led to the formation of a lake-like section for 13 kilometres upstream of the barrier, which also submerged the course of the \u010cikola River, creating Croatia\u2019s most unusual confluence landscape. The island of Kali\u010dki Busen in the middle of the confluence makes it even more special, as a 700 metre long and just 10 metre wide travertine barrier that separates the Krka from the mouth of the \u010cikola. The excursion boats taking visitors to the upstream lake-like sections and Visovac Island also sail past this island.<\/p>\n<p>\u010cikola, the main tributary of the Krka River, runs through the broad Petrovo Polje field before pressing into the narrow, 14 kilometre long canyon. Once it leaves the canyon, it drains into the Krka in the lake-like confluence, where the rivers come together to create a truly impressive vista. You can enjoy this unusual panorama if you turn into the hamlet of Krni\u0107i Gornji, where you can also find refuge from the summer heat, find some refreshment and enjoy the fragrances of the gardens at one of the many rural estates.<\/p>\n<div class=\"fotorama rounded-lg  shadow lblue-bg mt-5\" data-width=\"100%\" data-ratio=\"16\/10\"  data-nav=\"thumbs\" data-autoplay=\"true\" data-arrows=\"true\" data-transition=\"crossfade\"><img decoding=\"async\" src=\"https:\/\/npkrka.hr\/wp-content\/uploads\/Vidikovac-Krnici-Gornji-1.jpg\" width=\"100%\" \/><img decoding=\"async\" src=\"https:\/\/npkrka.hr\/wp-content\/uploads\/Vidikovac-Krnici-Gornji-2-NASLOVNA-1.jpg\" width=\"100%\" \/><\/div><p>&nbsp;<\/p>","protected":false},"excerpt":{"rendered":"<p>Capture the exceptional (summer) lushness of the Krka with a view from the viewpoint: confluence of the Krka and \u010cikola Rivers<\/p>","protected":false},"author":1,"featured_media":1096,"parent":106,"menu_order":0,"comment_status":"closed","ping_status":"closed","template":"","meta":{"footnotes":""},"class_list":["post-1095","page","type-page","status-publish","has-post-thumbnail","hentry"],"_links":{"self":[{"href":"https:\/\/npkrka.hr\/en_us\/wp-json\/wp\/v2\/pages\/1095","targetHints":{"allow":["GET"]}}],"collection":[{"href":"https:\/\/npkrka.hr\/en_us\/wp-json\/wp\/v2\/pages"}],"about":[{"href":"https:\/\/npkrka.hr\/en_us\/wp-json\/wp\/v2\/types\/page"}],"author":[{"embeddable":true,"href":"https:\/\/npkrka.hr\/en_us\/wp-json\/wp\/v2\/users\/1"}],"replies":[{"embeddable":true,"href":"https:\/\/npkrka.hr\/en_us\/wp-json\/wp\/v2\/comments?post=1095"}],"version-history":[{"count":0,"href":"https:\/\/npkrka.hr\/en_us\/wp-json\/wp\/v2\/pages\/1095\/revisions"}],"up":[{"embeddable":true,"href":"https:\/\/npkrka.hr\/en_us\/wp-json\/wp\/v2\/pages\/106"}],"wp:featuredmedia":[{"embeddable":true,"href":"https:\/\/npkrka.hr\/en_us\/wp-json\/wp\/v2\/media\/1096"}],"wp:attachment":[{"href":"https:\/\/npkrka.hr\/en_us\/wp-json\/wp\/v2\/media?parent=1095"}],"curies":[{"name":"wp","href":"https:\/\/api.w.org\/{rel}","templated":true}]}}