{"id":10511,"date":"2024-08-09T11:50:21","date_gmt":"2024-08-09T09:50:21","guid":{"rendered":"https:\/\/www.npkrka.hr\/?page_id=10511"},"modified":"2026-02-13T09:22:26","modified_gmt":"2026-02-13T08:22:26","slug":"monitoring-voda","status":"publish","type":"page","link":"https:\/\/npkrka.hr\/en_us\/prirodna-bastina\/projekti\/monitoring-voda\/","title":{"rendered":"Monitoring Water and Air"},"content":{"rendered":"<p>At the sites within the Krka National Park, the monitoring of hydrological indicators is carried out by the Croatian Meteorological and Hydrological Service (DHMZ), with which the Park has a contract to process and deliver data on water levels, flows, and water temperature at the hydrological stations of Skradinski buk, the National Park, and Ro\u0161ki slap.<\/p>\n<p>In terms of the Regulation of Water Quality Standards (OG 96\/2019) and Amendments to the Regulation of Water Quality Standards (OG 20\/2023), the Park has signed contracts with the Educational Institute for Public Health of Split-Dalmatia County (NZJZSD\u017d) and the Educational Institute for Public Health of \u0160ibenik-Knin County (NZJZ\u0160K\u017d), according to which the monitoring of surface waters is carried out four times a year at Skradinski buk, Ro\u0161ki slap, and Lake Brljan.<\/p>\n<p>In cooperation with the association \u0160ibenik Meteo, the Krka National Park has installed two automatic meteorological stations at the sites of the Krka Eco Campus in Puljane and at Skradinski buk waterfall. The automatic meteorological station is equipped with sensors for measuring temperature, humidity, and air pressure, wind direction and speed, the amount of precipitation, solar radiation, and the UV index.<\/p>\n<p>Current information is available on the links <a href=\"https:\/\/sibenik-meteo.hr\/index.php\/amp-skradinski-buk\/\">Skradinski buk waterfall<\/a> and the <a href=\"https:\/\/sibenik-meteo.hr\/index.php\/amp-puljane\/\">Krka Eco Campus\/ Eko kampus \u201eKrka\u201c.<\/a>.<\/p>","protected":false},"excerpt":{"rendered":"<p>Na lokalitetima unutar NP \u201eKrka\u201c\u00a0 monitoring hidrolo\u0161kih pokazatelja provodi DHMZ s kojim Ustanova ima sklopljen Ugovor kojim se obra\u0111uju i dostavljaju podaci o vodostaju, protocima i temperaturi vode na hidrolo\u0161kim postajama Skradinski buk, Nacional&#8230;<\/p>","protected":false},"author":3,"featured_media":212,"parent":3122,"menu_order":0,"comment_status":"closed","ping_status":"closed","template":"","meta":{"footnotes":""},"class_list":["post-10511","page","type-page","status-publish","has-post-thumbnail","hentry"],"_links":{"self":[{"href":"https:\/\/npkrka.hr\/en_us\/wp-json\/wp\/v2\/pages\/10511","targetHints":{"allow":["GET"]}}],"collection":[{"href":"https:\/\/npkrka.hr\/en_us\/wp-json\/wp\/v2\/pages"}],"about":[{"href":"https:\/\/npkrka.hr\/en_us\/wp-json\/wp\/v2\/types\/page"}],"author":[{"embeddable":true,"href":"https:\/\/npkrka.hr\/en_us\/wp-json\/wp\/v2\/users\/3"}],"replies":[{"embeddable":true,"href":"https:\/\/npkrka.hr\/en_us\/wp-json\/wp\/v2\/comments?post=10511"}],"version-history":[{"count":1,"href":"https:\/\/npkrka.hr\/en_us\/wp-json\/wp\/v2\/pages\/10511\/revisions"}],"predecessor-version":[{"id":14580,"href":"https:\/\/npkrka.hr\/en_us\/wp-json\/wp\/v2\/pages\/10511\/revisions\/14580"}],"up":[{"embeddable":true,"href":"https:\/\/npkrka.hr\/en_us\/wp-json\/wp\/v2\/pages\/3122"}],"wp:featuredmedia":[{"embeddable":true,"href":"https:\/\/npkrka.hr\/en_us\/wp-json\/wp\/v2\/media\/212"}],"wp:attachment":[{"href":"https:\/\/npkrka.hr\/en_us\/wp-json\/wp\/v2\/media?parent=10511"}],"curies":[{"name":"wp","href":"https:\/\/api.w.org\/{rel}","templated":true}]}}