{"id":1045,"date":"2022-07-02T13:15:08","date_gmt":"2022-07-02T11:15:08","guid":{"rendered":"https:\/\/www.npkrka.hr\/?page_id=1045"},"modified":"2022-07-26T13:18:28","modified_gmt":"2022-07-26T11:18:28","slug":"trosenj-cucevo","status":"publish","type":"page","link":"https:\/\/npkrka.hr\/en_us\/kulturna-bastina\/srednjovjekovne-utvrde\/trosenj-cucevo\/","title":{"rendered":"Tro\u0161enj (\u010cu\u010devo)"},"content":{"rendered":"<p><strong>The medieval fortress of Tro\u0161enj is located above a deep gorge on the right bank of the Krka River, opposite the fortress of Ne\u010dven.<\/strong><\/p>\n<p>Tro\u0161enj was built by the aristocratic \u0160ubi\u0107 family in the 14th century for control over the strategically important bridge over the Krka River. Both fortresses, Tro\u0161enj and Ne\u010dven, were erected at almost the same height above sea level, the first at 243 m, the other at 242 m.<\/p>\n<p class=\"translation-block\">The fortress and nearby village of \u010cu\u010devo were mentioned in a document from 1437 as villa Chuchevno. After the expulsion of the Turks, Tro\u0161enj was abandoned, like most of the fortresses on the Krka River, and has been decaying ever since. The bridge across the Krka below Ne\u010dven and Tro\u0161enj was mentioned in the middle of the 17th century, when it was demolished.<\/p>\n<p>The fortress has an irregular shape because of the configuration of the terrain. It consists of defensive walls, a circular tower, and residential quarters. The tower is around 5 m in diameter, while its walls are about a meter thick on average. The remains of a fortified building are located next to the tower. In addition to the circular tower, the remains are visible of a square tower, with small windows and larger semicircular openings.<\/p>\n<p>Today, Tro\u0161enj can be reached via the village of \u010cu\u010devo, on a footpath from the direction of Kistanje.<\/p>\n<div class=\"fotorama rounded-lg  shadow lblue-bg mt-5\" data-width=\"100%\" data-ratio=\"16\/10\"  data-nav=\"thumbs\" data-autoplay=\"true\" data-arrows=\"true\" data-transition=\"crossfade\"><img decoding=\"async\" src=\"https:\/\/npkrka.hr\/wp-content\/uploads\/Trosenj-6-scaled.jpg\" width=\"100%\" \/><img decoding=\"async\" src=\"https:\/\/npkrka.hr\/wp-content\/uploads\/Trosenj-5-scaled.jpg\" width=\"100%\" \/><img decoding=\"async\" src=\"https:\/\/npkrka.hr\/wp-content\/uploads\/Trosenj-7-scaled.jpg\" width=\"100%\" \/><img decoding=\"async\" src=\"https:\/\/npkrka.hr\/wp-content\/uploads\/Trosenj-2-scaled.jpg\" width=\"100%\" \/><img decoding=\"async\" src=\"https:\/\/npkrka.hr\/wp-content\/uploads\/Trosenj-8-scaled.jpg\" width=\"100%\" \/><img decoding=\"async\" src=\"https:\/\/npkrka.hr\/wp-content\/uploads\/Trosenj-4-scaled.jpg\" width=\"100%\" \/><img decoding=\"async\" src=\"https:\/\/npkrka.hr\/wp-content\/uploads\/Trosenj-1-scaled.jpg\" width=\"100%\" \/><img decoding=\"async\" src=\"https:\/\/npkrka.hr\/wp-content\/uploads\/Trosenj-9.jpg\" width=\"100%\" \/><img decoding=\"async\" src=\"https:\/\/npkrka.hr\/wp-content\/uploads\/Trosenj-3-scaled.jpg\" width=\"100%\" \/><\/div><p>&nbsp;<\/p>","protected":false},"excerpt":{"rendered":"<p>The medieval fortress of Tro\u0161enj is located above a deep gorge on the right bank of the Krka River, opposite the fortress of Ne\u010dven.<\/p>","protected":false},"author":1,"featured_media":2235,"parent":182,"menu_order":5,"comment_status":"closed","ping_status":"closed","template":"","meta":{"footnotes":""},"class_list":["post-1045","page","type-page","status-publish","has-post-thumbnail","hentry"],"_links":{"self":[{"href":"https:\/\/npkrka.hr\/en_us\/wp-json\/wp\/v2\/pages\/1045","targetHints":{"allow":["GET"]}}],"collection":[{"href":"https:\/\/npkrka.hr\/en_us\/wp-json\/wp\/v2\/pages"}],"about":[{"href":"https:\/\/npkrka.hr\/en_us\/wp-json\/wp\/v2\/types\/page"}],"author":[{"embeddable":true,"href":"https:\/\/npkrka.hr\/en_us\/wp-json\/wp\/v2\/users\/1"}],"replies":[{"embeddable":true,"href":"https:\/\/npkrka.hr\/en_us\/wp-json\/wp\/v2\/comments?post=1045"}],"version-history":[{"count":0,"href":"https:\/\/npkrka.hr\/en_us\/wp-json\/wp\/v2\/pages\/1045\/revisions"}],"up":[{"embeddable":true,"href":"https:\/\/npkrka.hr\/en_us\/wp-json\/wp\/v2\/pages\/182"}],"wp:featuredmedia":[{"embeddable":true,"href":"https:\/\/npkrka.hr\/en_us\/wp-json\/wp\/v2\/media\/2235"}],"wp:attachment":[{"href":"https:\/\/npkrka.hr\/en_us\/wp-json\/wp\/v2\/media?parent=1045"}],"curies":[{"name":"wp","href":"https:\/\/api.w.org\/{rel}","templated":true}]}}