{"id":1038,"date":"2022-07-02T13:13:04","date_gmt":"2022-07-02T11:13:04","guid":{"rendered":"https:\/\/www.npkrka.hr\/?page_id=1038"},"modified":"2022-09-27T12:55:58","modified_gmt":"2022-09-27T10:55:58","slug":"necven","status":"publish","type":"page","link":"https:\/\/npkrka.hr\/en_us\/kulturna-bastina\/srednjovjekovne-utvrde\/necven\/","title":{"rendered":"Ne\u010dven"},"content":{"rendered":"<p><strong>The Ne\u010dven fortress belongs among the most important monuments of medieval fortification architecture in Dalmatia.<\/strong><\/p>\n<p>The Ne\u010dven fortress was built on the northwestern side of the Promina district village of Ne\u010dven, above the left bank of the Krka River, at the end of the 13th century or the beginning of the 14th century. It was erected at the spot where the route from southeastern Dalmatia crossed the Krka River towards the Bukovica and Ravni kotari regions. Merchants were charged a bridge toll to cross the river, which divided the estates of the \u0160ubi\u0107 and Nelipi\u0107 families, which brought an abundance of income to both families.<\/p>\n<p>Ne\u010dven was owned by the Nelipi\u0107 family from their arrival in the Promina district. It was mentioned for the first time in historical sources on the 21st of September 1376, in a document in which \u201cPrince Ivan, son of Nelipac of Cetina\u201d ordered that all the tithes that belonged to him and his descendants from the serfs of the Promina estates, i.e. the villages that belonged to the princely fortifications of Kami\u010dak and Ne\u010dven, in future be paid to the Bishop of Knin, eight solidi from each measure of grain and twelve solidi from each pail of wine, and this twice a year, on the feast day of St. Martin, and at Christmas.<\/p>\n<p class=\"translation-block\">Ne\u010dven is mentioned twice more in historical sources as property of the Nelipi\u0107 family: in 1388, when the only son of Konstantin known by name, Nelipac, was noted as \u201cthe noble prince Nelipac of Ne\u010dven\u201d (magnifici comitis Nelipcii de Neguen), and in 1421, when his wife Jelena was noted as the \u201cwidow of the late Nepilac, the son of Konstantin of Ne\u010dven\u201d (relicta condam Nelepech filii Kozthadini de Nechven).<\/p>\n<p>In the first half of the 16th century, around 1522, Ne\u010dven was captured by the Turks. At first it was the seat of a nahija, and then of a kadiluk. At the beginning of the Candian War, in 1647, Venetian Uskoks headed by Mon. Stjepan Sori\u0107, demolished the bridge across the Krka below Ne\u010dven.<\/p>\n<div class=\"fotorama rounded-lg  shadow lblue-bg mt-5\" data-width=\"100%\" data-ratio=\"16\/10\"  data-nav=\"thumbs\" data-autoplay=\"true\" data-arrows=\"true\" data-transition=\"crossfade\"><img decoding=\"async\" src=\"https:\/\/npkrka.hr\/wp-content\/uploads\/Necven-7-scaled.jpg\" width=\"100%\" \/><img decoding=\"async\" src=\"https:\/\/npkrka.hr\/wp-content\/uploads\/Trosenj-i-Necven-9-scaled.jpg\" width=\"100%\" \/><img decoding=\"async\" src=\"https:\/\/npkrka.hr\/wp-content\/uploads\/Trosenj-i-Necven-10-scaled.jpg\" width=\"100%\" \/><img decoding=\"async\" src=\"https:\/\/npkrka.hr\/wp-content\/uploads\/Trosenj-i-Necven-8-scaled.jpg\" width=\"100%\" \/><img decoding=\"async\" src=\"https:\/\/npkrka.hr\/wp-content\/uploads\/Necven-1-scaled.jpg\" width=\"100%\" \/><img decoding=\"async\" src=\"https:\/\/npkrka.hr\/wp-content\/uploads\/Necven-2-scaled.jpg\" width=\"100%\" \/><img decoding=\"async\" src=\"https:\/\/npkrka.hr\/wp-content\/uploads\/Necven-6-scaled.jpg\" width=\"100%\" \/><img decoding=\"async\" src=\"https:\/\/npkrka.hr\/wp-content\/uploads\/Necven-3-scaled.jpg\" width=\"100%\" \/><img decoding=\"async\" src=\"https:\/\/npkrka.hr\/wp-content\/uploads\/Necven-4-scaled.jpg\" width=\"100%\" \/><img decoding=\"async\" src=\"https:\/\/npkrka.hr\/wp-content\/uploads\/Necven-5-scaled.jpg\" width=\"100%\" \/><\/div><p>&nbsp;<\/p>\n<p>On the basis of an order by the governor general of Dalmatia, Leonardo Foscolo, in 1648 after the Turkish army abandoned Ne\u010dven after a short battle and surrendered to the Venetian Uskoks, forces from \u0160ibenik, and forces from Trogir, Ne\u010dven was set on fire.<\/p>\n<p>It was again under Turkish control from 1670, after the peace negotiated between the Ottoman Empire and the Republic of Venetia. A year before the final expulsion of the Turks and the liberation of Knin in 1688, the fortress was already in the hands of forces from Skradin, who were guarding the border area.<\/p>\n<p>The fortress has an irregular rectangular shape. The defensive walls on the southwestern side, which were up to eight to ten metres in height in places, followed the natural slope of the terrain. The entrance to the fortress, overseen by a polygonal tower, was located on the northern side. The interior contained a large courtyard, where an exterior staircase led to the central elevated plateau. The upper part of the fortress was dominated by a multi-story circular tower, preserved at a one-story height. The defensive walls of the fortress were built of carved stone placed in a lime mortar.<\/p>\n<p class=\"translation-block\">Archaeological excavations, accompanied by geodetic and architectural mapping, have been carried out systematically at the fortress since 2011. Parallel with the excavations, conservation is also being performed on the uncovered architecture. The investigations have brought to light numerous finds, including luxurious tableware: engraved pottery with a glaze and Italian maiolica alla porcelana. A particularly valuable find was an excellently preserved base of a cannon (ma\u010dkula).<\/p>","protected":false},"excerpt":{"rendered":"<p>The Ne\u010dven fortress belongs among the most important monuments of medieval fortification architecture in Dalmatia.<\/p>","protected":false},"author":1,"featured_media":2216,"parent":182,"menu_order":4,"comment_status":"closed","ping_status":"closed","template":"","meta":{"footnotes":""},"class_list":["post-1038","page","type-page","status-publish","has-post-thumbnail","hentry"],"_links":{"self":[{"href":"https:\/\/npkrka.hr\/en_us\/wp-json\/wp\/v2\/pages\/1038","targetHints":{"allow":["GET"]}}],"collection":[{"href":"https:\/\/npkrka.hr\/en_us\/wp-json\/wp\/v2\/pages"}],"about":[{"href":"https:\/\/npkrka.hr\/en_us\/wp-json\/wp\/v2\/types\/page"}],"author":[{"embeddable":true,"href":"https:\/\/npkrka.hr\/en_us\/wp-json\/wp\/v2\/users\/1"}],"replies":[{"embeddable":true,"href":"https:\/\/npkrka.hr\/en_us\/wp-json\/wp\/v2\/comments?post=1038"}],"version-history":[{"count":0,"href":"https:\/\/npkrka.hr\/en_us\/wp-json\/wp\/v2\/pages\/1038\/revisions"}],"up":[{"embeddable":true,"href":"https:\/\/npkrka.hr\/en_us\/wp-json\/wp\/v2\/pages\/182"}],"wp:featuredmedia":[{"embeddable":true,"href":"https:\/\/npkrka.hr\/en_us\/wp-json\/wp\/v2\/media\/2216"}],"wp:attachment":[{"href":"https:\/\/npkrka.hr\/en_us\/wp-json\/wp\/v2\/media?parent=1038"}],"curies":[{"name":"wp","href":"https:\/\/api.w.org\/{rel}","templated":true}]}}