{"id":10049,"date":"2024-05-17T08:01:00","date_gmt":"2024-05-17T06:01:00","guid":{"rendered":"https:\/\/www.npkrka.hr\/?page_id=10049"},"modified":"2024-05-17T08:01:00","modified_gmt":"2024-05-17T06:01:00","slug":"thread-by-thread-an-apron","status":"publish","type":"page","link":"https:\/\/npkrka.hr\/en_us\/posjeti\/edukativne-radionice\/thread-by-thread-an-apron\/","title":{"rendered":"Thread by thread \u2013 an apron"},"content":{"rendered":"<p><strong>The workshop is intended for preschool age children and students in the lower grades of elementary school<\/strong><\/p>\n<p>This workshop is designed to nurture in a creative way the material heritage, specifically the ancient craft of weaving. Children first learn about the meaning of wool and sheep farming, then learn about the process of making woolen cloth, from shearing sheep, and washing and combing the wool, to winding it on a spindle. After that, they are divided into three groups, one of which weaves on a children\u2019s loom, while the second weaves from paper, and the third makes a woven ornament.<\/p>\n<p>Approximate duration of the workshop: 45 \u2013 60 minutes<\/p>\n<p>Recommended number of students in the group: 20<\/p>","protected":false},"excerpt":{"rendered":"<p>Radionica je namijenjena pred\u0161kolcima i u\u010denicima ni\u017eih razreda osnovne \u0161kole Radionica je osmi\u0161ljena tako da na kreativan na\u010din njeguje materijalnu ba\u0161tinu, odnosno stari tkala\u010dki zanat. Djeca se prvo upoznaju sa zna\u010denjem vune i ov\u010darstva, potom upoznaju postupak izrade vunene tkanine, od \u0161i\u0161anja ovaca i pranja i \u010de\u0161ljanja vune do njezina namatanja na vreteno. Nakon toga [&hellip;]<\/p>\n","protected":false},"author":2,"featured_media":10050,"parent":116,"menu_order":8,"comment_status":"closed","ping_status":"closed","template":"","meta":{"footnotes":""},"class_list":["post-10049","page","type-page","status-publish","has-post-thumbnail","hentry"],"_links":{"self":[{"href":"https:\/\/npkrka.hr\/en_us\/wp-json\/wp\/v2\/pages\/10049","targetHints":{"allow":["GET"]}}],"collection":[{"href":"https:\/\/npkrka.hr\/en_us\/wp-json\/wp\/v2\/pages"}],"about":[{"href":"https:\/\/npkrka.hr\/en_us\/wp-json\/wp\/v2\/types\/page"}],"author":[{"embeddable":true,"href":"https:\/\/npkrka.hr\/en_us\/wp-json\/wp\/v2\/users\/2"}],"replies":[{"embeddable":true,"href":"https:\/\/npkrka.hr\/en_us\/wp-json\/wp\/v2\/comments?post=10049"}],"version-history":[{"count":0,"href":"https:\/\/npkrka.hr\/en_us\/wp-json\/wp\/v2\/pages\/10049\/revisions"}],"up":[{"embeddable":true,"href":"https:\/\/npkrka.hr\/en_us\/wp-json\/wp\/v2\/pages\/116"}],"wp:featuredmedia":[{"embeddable":true,"href":"https:\/\/npkrka.hr\/en_us\/wp-json\/wp\/v2\/media\/10050"}],"wp:attachment":[{"href":"https:\/\/npkrka.hr\/en_us\/wp-json\/wp\/v2\/media?parent=10049"}],"curies":[{"name":"wp","href":"https:\/\/api.w.org\/{rel}","templated":true}]}}