{"id":3325,"date":"2022-08-09T21:55:37","date_gmt":"2022-08-09T19:55:37","guid":{"rendered":"https:\/\/www.npkrka.hr\/?page_id=3325"},"modified":"2024-08-20T11:32:26","modified_gmt":"2024-08-20T09:32:26","slug":"roski-slap","status":"publish","type":"page","link":"http:\/\/npkrka.hr\/en_us\/posjeti\/sadrzaji\/roski-slap\/","title":{"rendered":"Ro\u0161ki slap waterfall"},"content":{"rendered":"<p>Ro\u0161ki slap waterfall  is also called the \u2018vast waterfall\u2019, and is made up of a 22.5 m high main waterfall and countless backwaters, cascades and tufa islands. <a href=\"http:\/\/npkrka.hr\/en_us\/prirodna-bastina\/slapovi\/roski-slap\/\"><strong>Ro\u0161ki slap waterfall<\/strong><\/a>\u00a0 is situated about 36 km downstream of the Krka River spring.<\/p>\n<p class=\"translation-block\">The start of the barrier is made up of a series of small cascades (called the Necklaces by the locals), followed by numerous backwaters and islets. Between Ro\u0161ki slap waterfall and Ozi\u0111ana pe\u0107ina cave there are 517 wooden steps.<\/p>\n<p>Over the waterfall, there is a road that dates back to Roman times. Throughout most of Ro\u0161ki slap waterfall, the natural environment is pristine and of great interest to nature lovers. On the left bank are a series of attractive watermills, several of which have been restored and returned to their original function.<\/p>\n<ul>\n<li>You can reach Ro\u0161ki slap by road from the directions of Drni\u0161 or La\u0161kovica, on the roads \u0160ibenik \u2013 Pakovo Selo or \u0160ibenik \u2013 Skradin, or on the excursion boat from Skradinski buk<\/li>\n<li>For visiting Ro\u0161ki slap waterfall in summertime, please use parking in La\u0161kovica and Bogati\u0107i Miljeva\u010dki<\/li>\n<li class=\"translation-block\">A circular educational trail passes over the Necklaces along its 1360 m route<\/li>\n<li>At the upper dock at Ro\u0161ki slap you can take the excursion boat towards medieval fortresses <a href=\"http:\/\/npkrka.hr\/en_us\/kulturna-bastina\/srednjovjekovne-utvrde\/necven\/\"><strong>Ne\u010dven<\/strong><\/a>\u00a0 and <a href=\"http:\/\/npkrka.hr\/en_us\/kulturna-bastina\/srednjovjekovne-utvrde\/trosenj-cucevo\/\"><strong>Tro\u0161enj<\/strong><\/a><\/li>\n<li>At the lower dock at Ro\u0161ki slap you can take the excursion boat for Visovac<\/li>\n<li>The restored watermills today serve to demonstrate the old trades<\/li>\n<li>There is a souvenir shop where you can find local handmade products<\/li>\n<li>Swimming is permited only in marked areas<\/li>\n<li>Bu\ufb00et of Krka National Park<\/li>\n<li>Three restaurants are still owned by the millers\u2019 families<\/li>\n<li>Ticket for Ro\u0161ki slap waterfall only and ticket for all land sites available<\/li>\n<\/ul>\n<div class=\"fotorama rounded-lg  shadow lblue-bg mt-5\" data-width=\"100%\" data-ratio=\"16\/10\"  data-nav=\"thumbs\" data-autoplay=\"true\" data-arrows=\"true\" data-transition=\"crossfade\"><img decoding=\"async\" src=\"https:\/\/npkrka.hr\/wp-content\/uploads\/Roski-slap-voda-mlin.jpg\" width=\"100%\" \/><img decoding=\"async\" src=\"https:\/\/npkrka.hr\/wp-content\/uploads\/Ogrlice-1.jpg\" width=\"100%\" \/><img decoding=\"async\" src=\"https:\/\/npkrka.hr\/wp-content\/uploads\/Ogrlice-kanjon.jpg\" width=\"100%\" \/><img decoding=\"async\" src=\"https:\/\/npkrka.hr\/wp-content\/uploads\/Ogrlice-pogled-s-Ozidane-pecine.jpg\" width=\"100%\" \/><img decoding=\"async\" src=\"https:\/\/npkrka.hr\/wp-content\/uploads\/Roski-slap.jpg\" width=\"100%\" \/><img decoding=\"async\" src=\"https:\/\/npkrka.hr\/wp-content\/uploads\/Roski-slap-mlinovi.jpg\" width=\"100%\" \/><img decoding=\"async\" src=\"https:\/\/npkrka.hr\/wp-content\/uploads\/Roski-slap-skrinja.jpg\" width=\"100%\" \/><img decoding=\"async\" src=\"https:\/\/npkrka.hr\/wp-content\/uploads\/Roski-slap-krevet.jpg\" width=\"100%\" \/><img decoding=\"async\" src=\"https:\/\/npkrka.hr\/wp-content\/uploads\/Roski-slap-mlinsko-kolo.jpg\" width=\"100%\" \/><img decoding=\"async\" src=\"https:\/\/npkrka.hr\/wp-content\/uploads\/Roski-slap-Sosterina-unutra.jpg\" width=\"100%\" \/><img decoding=\"async\" src=\"https:\/\/npkrka.hr\/wp-content\/uploads\/Roski-slap-Sosterina.jpg\" width=\"100%\" \/><\/div><p>&nbsp;<\/p>","protected":false},"excerpt":{"rendered":"<p>Ro\u0161ki slap waterfall  is also called the \u2018vast waterfall\u2019, and is made up of a 22.5 m high main waterfall and countless backwaters, cascades and tufa islands.<\/p>","protected":false},"author":1,"featured_media":3326,"parent":93,"menu_order":4,"comment_status":"closed","ping_status":"closed","template":"page-location.php","meta":{"footnotes":""},"class_list":["post-3325","page","type-page","status-publish","has-post-thumbnail","hentry"],"_links":{"self":[{"href":"http:\/\/npkrka.hr\/en_us\/wp-json\/wp\/v2\/pages\/3325","targetHints":{"allow":["GET"]}}],"collection":[{"href":"http:\/\/npkrka.hr\/en_us\/wp-json\/wp\/v2\/pages"}],"about":[{"href":"http:\/\/npkrka.hr\/en_us\/wp-json\/wp\/v2\/types\/page"}],"author":[{"embeddable":true,"href":"http:\/\/npkrka.hr\/en_us\/wp-json\/wp\/v2\/users\/1"}],"replies":[{"embeddable":true,"href":"http:\/\/npkrka.hr\/en_us\/wp-json\/wp\/v2\/comments?post=3325"}],"version-history":[{"count":0,"href":"http:\/\/npkrka.hr\/en_us\/wp-json\/wp\/v2\/pages\/3325\/revisions"}],"up":[{"embeddable":true,"href":"http:\/\/npkrka.hr\/en_us\/wp-json\/wp\/v2\/pages\/93"}],"wp:featuredmedia":[{"embeddable":true,"href":"http:\/\/npkrka.hr\/en_us\/wp-json\/wp\/v2\/media\/3326"}],"wp:attachment":[{"href":"http:\/\/npkrka.hr\/en_us\/wp-json\/wp\/v2\/media?parent=3325"}],"curies":[{"name":"wp","href":"https:\/\/api.w.org\/{rel}","templated":true}]}}